{"id":65,"date":"2014-10-18T19:21:04","date_gmt":"2014-10-18T19:21:04","guid":{"rendered":"http:\/\/www.picalletres.net\/cms\/?page_id=65"},"modified":"2024-09-16T11:57:17","modified_gmt":"2024-09-16T09:57:17","slug":"qui-pot-participar","status":"publish","type":"page","link":"https:\/\/www.picalletres.net\/ca\/qui-pot-participar\/","title":{"rendered":"Qui pot participar?"},"content":{"rendered":"[et_pb_section fb_built=&#8221;1&#8243; _builder_version=&#8221;4.16&#8243; global_colors_info=&#8221;{}&#8221;][et_pb_row _builder_version=&#8221;4.16&#8243; background_size=&#8221;initial&#8221; background_position=&#8221;top_left&#8221; background_repeat=&#8221;repeat&#8221; global_colors_info=&#8221;{}&#8221;][et_pb_column type=&#8221;4_4&#8243; _builder_version=&#8221;4.16&#8243; custom_padding=&#8221;|||&#8221; global_colors_info=&#8221;{}&#8221; custom_padding__hover=&#8221;|||&#8221;][et_pb_text admin_label=&#8221;Text&#8221; _builder_version=&#8221;4.16&#8243; background_size=&#8221;initial&#8221; background_position=&#8221;top_left&#8221; background_repeat=&#8221;repeat&#8221; global_colors_info=&#8221;{}&#8221;]\n<h1>QUI POT PARTICIPAR?<\/h1>\n<p>El Pica Lletres \u00e9s un concurs adre\u00e7at als alumnes de Secund\u00e0ria. A la versi\u00f3 radiof\u00f2nica del concurs, hi poden participar els alumnes que estiguin cursant 2n d&#8217;ESO i, a la versi\u00f3 televisiva, hi poden participar els alumnes que estiguin cursant 3r d&#8217;ESO. Per poder participar-hi, cal que un professor o directiu del centre inscrigui el centre a trav\u00e9s del <a href=\"\/ca\/inscripcions\/\">formulari <\/a>que trobareu a la nostra web.<\/p>\n[\/et_pb_text][et_pb_tabs admin_label=&#8221;Tabs&#8221; _builder_version=&#8221;4.21.0&#8243; background_size=&#8221;initial&#8221; background_position=&#8221;top_left&#8221; background_repeat=&#8221;repeat&#8221; hover_enabled=&#8221;0&#8243; global_colors_info=&#8221;{}&#8221; sticky_enabled=&#8221;0&#8243;][et_pb_tab title=&#8221;Pica Lletres a la TV&#8221; _builder_version=&#8221;4.27.0&#8243; background_size=&#8221;initial&#8221; background_position=&#8221;top_left&#8221; background_repeat=&#8221;repeat&#8221; hover_enabled=&#8221;0&#8243; global_colors_info=&#8221;{}&#8221; sticky_enabled=&#8221;0&#8243;]\n<p style=\"text-align: center;\"><img loading=\"lazy\" decoding=\"async\" src=\"https:\/\/www.picalletres.net\/ca\/wp-content\/uploads\/2022\/02\/qui-pot-participar-tele.jpeg\" width=\"800\" height=\"600\" alt=\"Qui pot participar edici\u00f3 TV\" class=\"wp-image-229060 aligncenter size-full\" \/><\/p>\n<p>La versi\u00f3 televisiva del Pica Lletres \u00e9s un concurs destinat als alumnes de 3r d\u2019ESO. Poden participar tots els centres de Catalunya, que s\u00f3n dividits per zones geogr\u00e0fiques. T\u00e9 tres fases de participaci\u00f3:<\/p>\n<ul>\n<li>1a fase &#8211; En aquesta fase, tots els centres inscrits juguen al Pica Lletres a trav\u00e9s d&#8217;una aplicaci\u00f3 per a tablet i m\u00f2bil. L&#8217;objectiu \u00e9s aconseguir la m\u00e0xima puntuaci\u00f3 per poder classificar-se per la fase presencial de la seva zona geogr\u00e0fica!<\/li>\n<li>2a fase &#8211; En aquesta segona fase, es classifiquen 12 centres educatius per zona i passen a jugar presencialment en un espai emblem\u00e0tic de la seva zona. Els companys i companyes de classe poden venir de p\u00fablic. En el concurs presencial, cada centre participa amb un equip de 2 concursants. El centre que assoleix la m\u00e0xima puntuaci\u00f3 de la seva zona passa a la Gran Final Nacional!<\/li>\n<li>3a fase &#8211; A la Gran Final Nacional participen els centres guanyadors de les eliminat\u00f2ries territorials presencials de les diferents zones.<\/li>\n<\/ul>\n<p>&nbsp;<\/p>\n<h3>Nou format Pica Lletres<\/h3>\n<p><iframe loading=\"lazy\" title=\"COM PARTICIPAR AL PICA LLETRES CURS 2024-25\" width=\"1080\" height=\"608\" src=\"https:\/\/www.youtube.com\/embed\/Wtx7spfX3U4?feature=oembed\"  allow=\"accelerometer; autoplay; clipboard-write; encrypted-media; gyroscope; picture-in-picture; web-share\" referrerpolicy=\"strict-origin-when-cross-origin\" allowfullscreen><\/iframe>[\/et_pb_tab][et_pb_tab title=&#8221;Pica Lletres a la r\u00e0dio&#8221; _builder_version=&#8221;4.16&#8243; background_size=&#8221;initial&#8221; background_position=&#8221;top_left&#8221; background_repeat=&#8221;repeat&#8221; global_colors_info=&#8221;{}&#8221;]\n<p style=\"text-align: center;\"><img loading=\"lazy\" decoding=\"async\" src=\"https:\/\/www.picalletres.net\/ca\/wp-content\/uploads\/2022\/02\/qui-pot-participar-radio.jpeg\" width=\"800\" height=\"600\" alt=\"Qui pot participar edici\u00f3 r\u00e0dio\" class=\"wp-image-229061 aligncenter size-full\" \/><\/p>\n<p><strong>Qui pot participar?<\/strong><\/p>\n<p>La versi\u00f3 radiof\u00f2nica del <em>Pica Lletres<\/em> s&#8217;adre\u00e7a als alumnes de 2n d&#8217;ESO. S&#8217;enfronten 2 equips formats per 3 concursants cadascun. Cada equip representa un centre educatiu d&#8217;una poblaci\u00f3 catalana. Tots dos equips participen des de la r\u00e0dio del seu poble, i estan acompanyats d&#8217;un presentador de suport per al presentador general del concurs, el qual es troba als estudis de la Xarxa de Comunicaci\u00f3 Local (XCL), juntament amb el jurat del concurs. Els 4 centres amb millor puntuaci\u00f3 al final de cada edici\u00f3 s&#8217;enfrontaran a les semifinals i els guanyadors de cada semifinal s&#8217;enfrontaran a la Gran Final Nacional radiof\u00f2nica del <em>Pica Lletres<\/em>.<\/p>\n<p>La versi\u00f3 radiof\u00f2nica del Pica Lletres es planteja com una passarel\u00b7la cap a la versi\u00f3 televisiva.<\/p>\n<p><strong>Din\u00e0mica<\/strong><\/p>\n<p>La participaci\u00f3 es fa per torns. En cadascuna de les proves del concurs, tots dos equips intentaran, primer un, i despr\u00e9s l&#8217;altre, aconseguir el major n\u00famero d&#8217;encerts mentre duri el seu torn a cada prova. Per exemple, a la prova <em>A lletrejar!<\/em>, cada equip tindr\u00e0 60 segons per lletrejar correctament el major n\u00famero de paraules possible. Despr\u00e9s ser\u00e0 el torn de l&#8217;altre equip.<\/p>\n<p>Els concursants participaran de manera individual. Cada concursant participar\u00e0 fins que cometi una errada. En aquest cas, un altre membre de l&#8217;equip continuar\u00e0 la partida. El concursant que ha com\u00e8s l&#8217;errada, no podr\u00e0 tornar a participar fins a la seg\u00fcent prova. Si els 3 concursants d&#8217;un mateix equip cometen una errada a la mateixa prova, l&#8217;equip no podr\u00e0 participar fins a la prova seg\u00fcent.<\/p>\n<p>El concurs durar\u00e0 30 minuts, aproximadament.<\/p>\n<p>&nbsp;[\/et_pb_tab][\/et_pb_tabs][et_pb_cta title=&#8221;Feu la vostra inscripci\u00f3 per a participar&#8221; button_url=&#8221;\/ca\/inscripcions\/&#8221; button_text=&#8221;Inscripci\u00f3&#8221; admin_label=&#8221;Call To Action&#8221; _builder_version=&#8221;4.16&#8243; background_color=&#8221;#fec400&#8243; background_size=&#8221;initial&#8221; background_position=&#8221;top_left&#8221; background_repeat=&#8221;repeat&#8221; global_colors_info=&#8221;{}&#8221; button_text_size__hover_enabled=&#8221;off&#8221; button_one_text_size__hover_enabled=&#8221;off&#8221; button_two_text_size__hover_enabled=&#8221;off&#8221; button_text_color__hover_enabled=&#8221;off&#8221; button_one_text_color__hover_enabled=&#8221;off&#8221; button_two_text_color__hover_enabled=&#8221;off&#8221; button_border_width__hover_enabled=&#8221;off&#8221; button_one_border_width__hover_enabled=&#8221;off&#8221; button_two_border_width__hover_enabled=&#8221;off&#8221; button_border_color__hover_enabled=&#8221;off&#8221; button_one_border_color__hover_enabled=&#8221;off&#8221; button_two_border_color__hover_enabled=&#8221;off&#8221; button_border_radius__hover_enabled=&#8221;off&#8221; button_one_border_radius__hover_enabled=&#8221;off&#8221; button_two_border_radius__hover_enabled=&#8221;off&#8221; button_letter_spacing__hover_enabled=&#8221;off&#8221; button_one_letter_spacing__hover_enabled=&#8221;off&#8221; button_two_letter_spacing__hover_enabled=&#8221;off&#8221; button_bg_color__hover_enabled=&#8221;off&#8221; button_one_bg_color__hover_enabled=&#8221;off&#8221; button_two_bg_color__hover_enabled=&#8221;off&#8221;][\/et_pb_cta][\/et_pb_column][\/et_pb_row][\/et_pb_section]\n","protected":false},"excerpt":{"rendered":"<p>[et_pb_section fb_built=&#8221;1&#8243; _builder_version=&#8221;4.16&#8243; global_colors_info=&#8221;{}&#8221;][et_pb_row _builder_version=&#8221;4.16&#8243; background_size=&#8221;initial&#8221; background_position=&#8221;top_left&#8221; background_repeat=&#8221;repeat&#8221; global_colors_info=&#8221;{}&#8221;][et_pb_column type=&#8221;4_4&#8243; _builder_version=&#8221;4.16&#8243; custom_padding=&#8221;|||&#8221; global_colors_info=&#8221;{}&#8221; custom_padding__hover=&#8221;|||&#8221;][et_pb_text admin_label=&#8221;Text&#8221; _builder_version=&#8221;4.16&#8243; background_size=&#8221;initial&#8221; background_position=&#8221;top_left&#8221; background_repeat=&#8221;repeat&#8221; global_colors_info=&#8221;{}&#8221;] QUI POT PARTICIPAR? El Pica Lletres \u00e9s un concurs adre\u00e7at als alumnes de Secund\u00e0ria. A la versi\u00f3 radiof\u00f2nica del concurs, hi poden participar els alumnes que estiguin cursant 2n d&#8217;ESO i, a la versi\u00f3 televisiva, [&hellip;]<\/p>\n","protected":false},"author":1,"featured_media":0,"parent":0,"menu_order":0,"comment_status":"open","ping_status":"open","template":"","meta":{"_et_pb_use_builder":"on","_et_pb_old_content":"","_et_gb_content_width":"","footnotes":""},"class_list":["post-65","page","type-page","status-publish","hentry"],"yoast_head":"<!-- This site is optimized with the Yoast SEO plugin v27.4 - https:\/\/yoast.com\/product\/yoast-seo-wordpress\/ -->\n<title>Qui pot participar? - Pica Lletres - Concurs ling\u00fc\u00edstic que consisteix a lletrejar paraules en catal\u00e0<\/title>\n<meta name=\"robots\" content=\"index, follow, max-snippet:-1, max-image-preview:large, max-video-preview:-1\" \/>\n<link rel=\"canonical\" href=\"https:\/\/www.picalletres.net\/ca\/qui-pot-participar\/\" \/>\n<meta property=\"og:locale\" content=\"ca_ES\" \/>\n<meta property=\"og:type\" content=\"article\" \/>\n<meta property=\"og:title\" content=\"Qui pot participar? - Pica Lletres - Concurs ling\u00fc\u00edstic que consisteix a lletrejar paraules en catal\u00e0\" \/>\n<meta property=\"og:description\" content=\"[et_pb_section fb_built=&#8221;1&#8243; _builder_version=&#8221;4.16&#8243; global_colors_info=&#8221;{}&#8221;][et_pb_row _builder_version=&#8221;4.16&#8243; background_size=&#8221;initial&#8221; background_position=&#8221;top_left&#8221; background_repeat=&#8221;repeat&#8221; global_colors_info=&#8221;{}&#8221;][et_pb_column type=&#8221;4_4&#8243; _builder_version=&#8221;4.16&#8243; custom_padding=&#8221;|||&#8221; global_colors_info=&#8221;{}&#8221; custom_padding__hover=&#8221;|||&#8221;][et_pb_text admin_label=&#8221;Text&#8221; _builder_version=&#8221;4.16&#8243; background_size=&#8221;initial&#8221; background_position=&#8221;top_left&#8221; background_repeat=&#8221;repeat&#8221; global_colors_info=&#8221;{}&#8221;] QUI POT PARTICIPAR? El Pica Lletres \u00e9s un concurs adre\u00e7at als alumnes de Secund\u00e0ria. A la versi\u00f3 radiof\u00f2nica del concurs, hi poden participar els alumnes que estiguin cursant 2n d&#8217;ESO i, a la versi\u00f3 televisiva, [&hellip;]\" \/>\n<meta property=\"og:url\" content=\"https:\/\/www.picalletres.net\/ca\/qui-pot-participar\/\" \/>\n<meta property=\"og:site_name\" content=\"Pica Lletres - Concurs ling\u00fc\u00edstic que consisteix a lletrejar paraules en catal\u00e0\" \/>\n<meta property=\"article:modified_time\" content=\"2024-09-16T09:57:17+00:00\" \/>\n<meta property=\"og:image\" content=\"https:\/\/www.picalletres.net\/ca\/wp-content\/uploads\/2022\/02\/qui-pot-participar-tele.jpeg\" \/>\n<meta name=\"twitter:card\" content=\"summary_large_image\" \/>\n<meta name=\"twitter:label1\" content=\"Temps estimat de lectura\" \/>\n\t<meta name=\"twitter:data1\" content=\"4 minuts\" \/>\n<script type=\"application\/ld+json\" class=\"yoast-schema-graph\">{\"@context\":\"https:\\\/\\\/schema.org\",\"@graph\":[{\"@type\":\"WebPage\",\"@id\":\"https:\\\/\\\/www.picalletres.net\\\/ca\\\/qui-pot-participar\\\/\",\"url\":\"https:\\\/\\\/www.picalletres.net\\\/ca\\\/qui-pot-participar\\\/\",\"name\":\"Qui pot participar? - Pica Lletres - Concurs ling\u00fc\u00edstic que consisteix a lletrejar paraules en catal\u00e0\",\"isPartOf\":{\"@id\":\"https:\\\/\\\/www.picalletres.net\\\/ca\\\/#website\"},\"primaryImageOfPage\":{\"@id\":\"https:\\\/\\\/www.picalletres.net\\\/ca\\\/qui-pot-participar\\\/#primaryimage\"},\"image\":{\"@id\":\"https:\\\/\\\/www.picalletres.net\\\/ca\\\/qui-pot-participar\\\/#primaryimage\"},\"thumbnailUrl\":\"https:\\\/\\\/www.picalletres.net\\\/ca\\\/wp-content\\\/uploads\\\/2022\\\/02\\\/qui-pot-participar-tele.jpeg\",\"datePublished\":\"2014-10-18T19:21:04+00:00\",\"dateModified\":\"2024-09-16T09:57:17+00:00\",\"breadcrumb\":{\"@id\":\"https:\\\/\\\/www.picalletres.net\\\/ca\\\/qui-pot-participar\\\/#breadcrumb\"},\"inLanguage\":\"ca\",\"potentialAction\":[{\"@type\":\"ReadAction\",\"target\":[\"https:\\\/\\\/www.picalletres.net\\\/ca\\\/qui-pot-participar\\\/\"]}]},{\"@type\":\"ImageObject\",\"inLanguage\":\"ca\",\"@id\":\"https:\\\/\\\/www.picalletres.net\\\/ca\\\/qui-pot-participar\\\/#primaryimage\",\"url\":\"https:\\\/\\\/www.picalletres.net\\\/ca\\\/wp-content\\\/uploads\\\/2021\\\/10\\\/qui-pot-participar-tv.jpeg\",\"contentUrl\":\"https:\\\/\\\/www.picalletres.net\\\/ca\\\/wp-content\\\/uploads\\\/2021\\\/10\\\/qui-pot-participar-tv.jpeg\",\"width\":768,\"height\":576,\"caption\":\"Qui pot participar edici\u00f3 TV\"},{\"@type\":\"BreadcrumbList\",\"@id\":\"https:\\\/\\\/www.picalletres.net\\\/ca\\\/qui-pot-participar\\\/#breadcrumb\",\"itemListElement\":[{\"@type\":\"ListItem\",\"position\":1,\"name\":\"Portada\",\"item\":\"https:\\\/\\\/www.picalletres.net\\\/ca\\\/\"},{\"@type\":\"ListItem\",\"position\":2,\"name\":\"Qui pot participar?\"}]},{\"@type\":\"WebSite\",\"@id\":\"https:\\\/\\\/www.picalletres.net\\\/ca\\\/#website\",\"url\":\"https:\\\/\\\/www.picalletres.net\\\/ca\\\/\",\"name\":\"Pica Lletres - Concurs ling\u00fc\u00edstic que consisteix a lletrejar paraules en catal\u00e0\",\"description\":\"\",\"potentialAction\":[{\"@type\":\"SearchAction\",\"target\":{\"@type\":\"EntryPoint\",\"urlTemplate\":\"https:\\\/\\\/www.picalletres.net\\\/ca\\\/?s={search_term_string}\"},\"query-input\":{\"@type\":\"PropertyValueSpecification\",\"valueRequired\":true,\"valueName\":\"search_term_string\"}}],\"inLanguage\":\"ca\"}]}<\/script>\n<!-- \/ Yoast SEO plugin. -->","yoast_head_json":{"title":"Qui pot participar? - Pica Lletres - Concurs ling\u00fc\u00edstic que consisteix a lletrejar paraules en catal\u00e0","robots":{"index":"index","follow":"follow","max-snippet":"max-snippet:-1","max-image-preview":"max-image-preview:large","max-video-preview":"max-video-preview:-1"},"canonical":"https:\/\/www.picalletres.net\/ca\/qui-pot-participar\/","og_locale":"ca_ES","og_type":"article","og_title":"Qui pot participar? - Pica Lletres - Concurs ling\u00fc\u00edstic que consisteix a lletrejar paraules en catal\u00e0","og_description":"[et_pb_section fb_built=&#8221;1&#8243; _builder_version=&#8221;4.16&#8243; global_colors_info=&#8221;{}&#8221;][et_pb_row _builder_version=&#8221;4.16&#8243; background_size=&#8221;initial&#8221; background_position=&#8221;top_left&#8221; background_repeat=&#8221;repeat&#8221; global_colors_info=&#8221;{}&#8221;][et_pb_column type=&#8221;4_4&#8243; _builder_version=&#8221;4.16&#8243; custom_padding=&#8221;|||&#8221; global_colors_info=&#8221;{}&#8221; custom_padding__hover=&#8221;|||&#8221;][et_pb_text admin_label=&#8221;Text&#8221; _builder_version=&#8221;4.16&#8243; background_size=&#8221;initial&#8221; background_position=&#8221;top_left&#8221; background_repeat=&#8221;repeat&#8221; global_colors_info=&#8221;{}&#8221;] QUI POT PARTICIPAR? El Pica Lletres \u00e9s un concurs adre\u00e7at als alumnes de Secund\u00e0ria. A la versi\u00f3 radiof\u00f2nica del concurs, hi poden participar els alumnes que estiguin cursant 2n d&#8217;ESO i, a la versi\u00f3 televisiva, [&hellip;]","og_url":"https:\/\/www.picalletres.net\/ca\/qui-pot-participar\/","og_site_name":"Pica Lletres - Concurs ling\u00fc\u00edstic que consisteix a lletrejar paraules en catal\u00e0","article_modified_time":"2024-09-16T09:57:17+00:00","og_image":[{"url":"https:\/\/www.picalletres.net\/ca\/wp-content\/uploads\/2022\/02\/qui-pot-participar-tele.jpeg","type":"","width":"","height":""}],"twitter_card":"summary_large_image","twitter_misc":{"Temps estimat de lectura":"4 minuts"},"schema":{"@context":"https:\/\/schema.org","@graph":[{"@type":"WebPage","@id":"https:\/\/www.picalletres.net\/ca\/qui-pot-participar\/","url":"https:\/\/www.picalletres.net\/ca\/qui-pot-participar\/","name":"Qui pot participar? - Pica Lletres - Concurs ling\u00fc\u00edstic que consisteix a lletrejar paraules en catal\u00e0","isPartOf":{"@id":"https:\/\/www.picalletres.net\/ca\/#website"},"primaryImageOfPage":{"@id":"https:\/\/www.picalletres.net\/ca\/qui-pot-participar\/#primaryimage"},"image":{"@id":"https:\/\/www.picalletres.net\/ca\/qui-pot-participar\/#primaryimage"},"thumbnailUrl":"https:\/\/www.picalletres.net\/ca\/wp-content\/uploads\/2022\/02\/qui-pot-participar-tele.jpeg","datePublished":"2014-10-18T19:21:04+00:00","dateModified":"2024-09-16T09:57:17+00:00","breadcrumb":{"@id":"https:\/\/www.picalletres.net\/ca\/qui-pot-participar\/#breadcrumb"},"inLanguage":"ca","potentialAction":[{"@type":"ReadAction","target":["https:\/\/www.picalletres.net\/ca\/qui-pot-participar\/"]}]},{"@type":"ImageObject","inLanguage":"ca","@id":"https:\/\/www.picalletres.net\/ca\/qui-pot-participar\/#primaryimage","url":"https:\/\/www.picalletres.net\/ca\/wp-content\/uploads\/2021\/10\/qui-pot-participar-tv.jpeg","contentUrl":"https:\/\/www.picalletres.net\/ca\/wp-content\/uploads\/2021\/10\/qui-pot-participar-tv.jpeg","width":768,"height":576,"caption":"Qui pot participar edici\u00f3 TV"},{"@type":"BreadcrumbList","@id":"https:\/\/www.picalletres.net\/ca\/qui-pot-participar\/#breadcrumb","itemListElement":[{"@type":"ListItem","position":1,"name":"Portada","item":"https:\/\/www.picalletres.net\/ca\/"},{"@type":"ListItem","position":2,"name":"Qui pot participar?"}]},{"@type":"WebSite","@id":"https:\/\/www.picalletres.net\/ca\/#website","url":"https:\/\/www.picalletres.net\/ca\/","name":"Pica Lletres - Concurs ling\u00fc\u00edstic que consisteix a lletrejar paraules en catal\u00e0","description":"","potentialAction":[{"@type":"SearchAction","target":{"@type":"EntryPoint","urlTemplate":"https:\/\/www.picalletres.net\/ca\/?s={search_term_string}"},"query-input":{"@type":"PropertyValueSpecification","valueRequired":true,"valueName":"search_term_string"}}],"inLanguage":"ca"}]}},"_links":{"self":[{"href":"https:\/\/www.picalletres.net\/ca\/wp-json\/wp\/v2\/pages\/65","targetHints":{"allow":["GET"]}}],"collection":[{"href":"https:\/\/www.picalletres.net\/ca\/wp-json\/wp\/v2\/pages"}],"about":[{"href":"https:\/\/www.picalletres.net\/ca\/wp-json\/wp\/v2\/types\/page"}],"author":[{"embeddable":true,"href":"https:\/\/www.picalletres.net\/ca\/wp-json\/wp\/v2\/users\/1"}],"replies":[{"embeddable":true,"href":"https:\/\/www.picalletres.net\/ca\/wp-json\/wp\/v2\/comments?post=65"}],"version-history":[{"count":12,"href":"https:\/\/www.picalletres.net\/ca\/wp-json\/wp\/v2\/pages\/65\/revisions"}],"predecessor-version":[{"id":229510,"href":"https:\/\/www.picalletres.net\/ca\/wp-json\/wp\/v2\/pages\/65\/revisions\/229510"}],"wp:attachment":[{"href":"https:\/\/www.picalletres.net\/ca\/wp-json\/wp\/v2\/media?parent=65"}],"curies":[{"name":"wp","href":"https:\/\/api.w.org\/{rel}","templated":true}]}}