{"id":283,"date":"2014-11-10T14:16:11","date_gmt":"2014-11-10T13:16:11","guid":{"rendered":"http:\/\/www.picalletres.net\/cms\/?page_id=283"},"modified":"2021-10-06T14:18:24","modified_gmt":"2021-10-06T12:18:24","slug":"inscripcions-22","status":"publish","type":"page","link":"https:\/\/www.picalletres.net\/ca\/inscripcions-22\/","title":{"rendered":"Inscripcions"},"content":{"rendered":"[et_pb_section fb_built=&#8221;1&#8243; admin_label=&#8221;section&#8221; _builder_version=&#8221;3.22&#8243; global_colors_info=&#8221;{}&#8221;][et_pb_row _builder_version=&#8221;3.25&#8243; background_size=&#8221;initial&#8221; background_position=&#8221;top_left&#8221; background_repeat=&#8221;repeat&#8221; custom_padding=&#8221;||0px|||&#8221; global_colors_info=&#8221;{}&#8221; locked=&#8221;off&#8221;][et_pb_column type=&#8221;4_4&#8243; _builder_version=&#8221;3.25&#8243; custom_padding=&#8221;|||&#8221; global_colors_info=&#8221;{}&#8221; custom_padding__hover=&#8221;|||&#8221;][et_pb_text admin_label=&#8221;Text&#8221; _builder_version=&#8221;4.10.8&#8243; background_size=&#8221;initial&#8221; background_position=&#8221;top_left&#8221; background_repeat=&#8221;repeat&#8221; hover_enabled=&#8221;0&#8243; global_colors_info=&#8221;{}&#8221; sticky_enabled=&#8221;0&#8243;]\n<h1 class=\"main_title\">INSCRIPCIONS<\/h1>\n[\/et_pb_text][\/et_pb_column][\/et_pb_row][et_pb_row admin_label=&#8221;row&#8221; _builder_version=&#8221;3.25&#8243; background_size=&#8221;initial&#8221; background_position=&#8221;top_left&#8221; background_repeat=&#8221;repeat&#8221; global_colors_info=&#8221;{}&#8221;][et_pb_column type=&#8221;4_4&#8243; _builder_version=&#8221;3.25&#8243; custom_padding=&#8221;|||&#8221; global_colors_info=&#8221;{}&#8221; custom_padding__hover=&#8221;|||&#8221;][et_pb_text admin_label=&#8221;Text&#8221; _builder_version=&#8221;3.27.4&#8243; background_size=&#8221;initial&#8221; background_position=&#8221;top_left&#8221; background_repeat=&#8221;repeat&#8221; global_colors_info=&#8221;{}&#8221; custom_margin=&#8221;-36px|||||&#8221;]\n<div class=\"wpcf7 no-js\" id=\"wpcf7-f229001-o1\" lang=\"en-US\" dir=\"ltr\" data-wpcf7-id=\"229001\">\n<div class=\"screen-reader-response\"><p role=\"status\" aria-live=\"polite\" aria-atomic=\"true\"><\/p> <ul><\/ul><\/div>\n<form action=\"\/ca\/wp-json\/wp\/v2\/pages\/283#wpcf7-f229001-o1\" method=\"post\" class=\"wpcf7-form init\" aria-label=\"Contact form\" novalidate=\"novalidate\" data-status=\"init\">\n<fieldset class=\"hidden-fields-container\"><input type=\"hidden\" name=\"_wpcf7\" value=\"229001\" \/><input type=\"hidden\" name=\"_wpcf7_version\" value=\"6.1.5\" \/><input type=\"hidden\" name=\"_wpcf7_locale\" value=\"en_US\" \/><input type=\"hidden\" name=\"_wpcf7_unit_tag\" value=\"wpcf7-f229001-o1\" \/><input type=\"hidden\" name=\"_wpcf7_container_post\" value=\"0\" \/><input type=\"hidden\" name=\"_wpcf7_posted_data_hash\" value=\"\" \/>\n<\/fieldset>\n<p style=\"text-align: right;\"><em>Els camps amb asterisc * s\u00f3n d'entrada obligat\u00f2ria.<\/em>\n<\/p>\n<h2>Centre d'ensenyament:\n<\/h2>\n<p><b>Nom del centre *<\/b>\n<\/p>\n<p><span class=\"wpcf7-form-control-wrap\" data-name=\"Centre\"><input size=\"40\" maxlength=\"400\" class=\"wpcf7-form-control wpcf7-text wpcf7-validates-as-required\" aria-required=\"true\" aria-invalid=\"false\" value=\"\" type=\"text\" name=\"Centre\" \/><\/span>\n<\/p>\n<p><b>L\u00ednies *<\/b>\n<\/p>\n<p><span class=\"wpcf7-form-control-wrap\" data-name=\"Linies\"><input size=\"40\" maxlength=\"400\" class=\"wpcf7-form-control wpcf7-text wpcf7-validates-as-required\" aria-required=\"true\" aria-invalid=\"false\" value=\"\" type=\"text\" name=\"Linies\" \/><\/span>\n<\/p>\n<p><b>Adre\u00e7a i n\u00famero *<\/b>\n<\/p>\n<p><span class=\"wpcf7-form-control-wrap\" data-name=\"Adreca\"><input size=\"40\" maxlength=\"400\" class=\"wpcf7-form-control wpcf7-text wpcf7-validates-as-required\" aria-required=\"true\" aria-invalid=\"false\" value=\"\" type=\"text\" name=\"Adreca\" \/><\/span>\n<\/p>\n<p><b>Codi postal *<\/b>\n<\/p>\n<p><span class=\"wpcf7-form-control-wrap\" data-name=\"Codipostal\"><input class=\"wpcf7-form-control wpcf7-number wpcf7-validates-as-required wpcf7-validates-as-number\" aria-required=\"true\" aria-invalid=\"false\" value=\"\" type=\"number\" name=\"Codipostal\" \/><\/span>\n<\/p>\n<p><b>Tel\u00e8fon *<\/b>\n<\/p>\n<p><span class=\"wpcf7-form-control-wrap\" data-name=\"Telefon\"><input size=\"40\" maxlength=\"400\" class=\"wpcf7-form-control wpcf7-text\" aria-invalid=\"false\" value=\"\" type=\"text\" name=\"Telefon\" \/><\/span>\n<\/p>\n<p><b>Localitat *<\/b>\n<\/p>\n<p><span class=\"wpcf7-form-control-wrap\" data-name=\"Localitat\"><input size=\"40\" maxlength=\"400\" class=\"wpcf7-form-control wpcf7-text wpcf7-validates-as-required\" aria-required=\"true\" aria-invalid=\"false\" value=\"\" type=\"text\" name=\"Localitat\" \/><\/span>\n<\/p>\n<p><b>Comarca *<\/b>\n<\/p>\n<p><span class=\"wpcf7-form-control-wrap\" data-name=\"Comarca\"><input size=\"40\" maxlength=\"400\" class=\"wpcf7-form-control wpcf7-text wpcf7-validates-as-required\" aria-required=\"true\" aria-invalid=\"false\" value=\"\" type=\"text\" name=\"Comarca\" \/><\/span>\n<\/p>\n<p><b>Adre\u00e7a electr\u00f2nica *<\/b>\n<\/p>\n<p><span class=\"wpcf7-form-control-wrap\" data-name=\"email\"><input size=\"40\" maxlength=\"400\" class=\"wpcf7-form-control wpcf7-text\" aria-invalid=\"false\" value=\"\" type=\"text\" name=\"email\" \/><\/span>\n<\/p>\n<p><b>Curs *<\/b>\n<\/p>\n<p><span class=\"wpcf7-form-control-wrap\" data-name=\"Curs\"><select class=\"wpcf7-form-control wpcf7-select wpcf7-validates-as-required\" aria-required=\"true\" aria-invalid=\"false\" name=\"Curs\"><option value=\"3r d&#039;ESO (tele)\">3r d&#039;ESO (tele)<\/option><option value=\"2n d&#039;ESO (r\u00e0dio)\">2n d&#039;ESO (r\u00e0dio)<\/option><\/select><\/span><br \/>\nSi us interessa participar a les dues modalitats, cal que ompliu dos formularis i feu una inscripci\u00f3 per cadascuna\n<\/p>\n<h2>Persona de contacte:\n<\/h2>\n<p><b>Nom i cognoms *<\/b>\n<\/p>\n<p><span class=\"wpcf7-form-control-wrap\" data-name=\"Nom\"><input size=\"40\" maxlength=\"400\" class=\"wpcf7-form-control wpcf7-text wpcf7-validates-as-required\" aria-required=\"true\" aria-invalid=\"false\" value=\"\" type=\"text\" name=\"Nom\" \/><\/span>\n<\/p>\n<p><b>C\u00e0rrec *<\/b>\n<\/p>\n<p><span class=\"wpcf7-form-control-wrap\" data-name=\"Carrec\"><input size=\"40\" maxlength=\"400\" class=\"wpcf7-form-control wpcf7-text wpcf7-validates-as-required\" aria-required=\"true\" aria-invalid=\"false\" value=\"\" type=\"text\" name=\"Carrec\" \/><\/span><br \/>\n(professor\/coordinador\/director)\n<\/p>\n<p><b>Tel\u00e8fon *<\/b>\n<\/p>\n<p><span class=\"wpcf7-form-control-wrap\" data-name=\"Telefon-Personal\"><input size=\"40\" maxlength=\"400\" class=\"wpcf7-form-control wpcf7-text wpcf7-validates-as-required\" aria-required=\"true\" aria-invalid=\"false\" value=\"\" type=\"text\" name=\"Telefon-Personal\" \/><\/span>\n<\/p>\n<p><b>Adre\u00e7a electr\u00f2nica *<\/b>\n<\/p>\n<p><span class=\"wpcf7-form-control-wrap\" data-name=\"your-email\"><input size=\"40\" maxlength=\"400\" class=\"wpcf7-form-control wpcf7-email wpcf7-validates-as-required wpcf7-text wpcf7-validates-as-email\" aria-required=\"true\" aria-invalid=\"false\" value=\"\" type=\"email\" name=\"your-email\" \/><\/span>\n<\/p>\n<p><b>Observacions *<\/b>\n<\/p>\n<p><span class=\"wpcf7-form-control-wrap\" data-name=\"Descricpcio\"><textarea cols=\"40\" rows=\"10\" maxlength=\"2000\" class=\"wpcf7-form-control wpcf7-textarea\" aria-invalid=\"false\" name=\"Descricpcio\"><\/textarea><\/span>\n<\/p>\n<p><b>Seguretat per evitar l'spam *<\/b>\n<\/p>\n<p><input type=\"hidden\" name=\"_wpcf7_captcha_challenge_captcha-98\" value=\"2441486286\" \/><img loading=\"lazy\" decoding=\"async\" class=\"wpcf7-form-control wpcf7-captchac wpcf7-captcha-captcha-98\" width=\"72\" height=\"24\" alt=\"captcha\" src=\"https:\/\/www.picalletres.net\/ca\/wp-content\/uploads\/wpcf7_captcha\/2441486286.png\" \/>\n<\/p>\n<p><b>Escriu el text que veus en la imatge superior <\/b>\n<\/p>\n<p><span class=\"wpcf7-form-control-wrap\" data-name=\"captcha-98\"><input size=\"40\" class=\"wpcf7-form-control wpcf7-captchar\" autocomplete=\"off\" aria-invalid=\"false\" value=\"\" type=\"text\" name=\"captcha-98\" \/><\/span>\n<\/p>\n<h6>PROTECCI\u00d3 DE LES SEVES DADES:\n<\/h6>\n<ul>\n\t<li>\n\t\t<h6>Pica Lletres es compromet a no cedir a terceres parts la informaci\u00f3 personal que ens ha facilitat. Les dades personals es tractaran segons l'estipulat per la LOPD (Ley Org\u00e1nica 15\/1999 de 13 de desembre de Protecci\u00f3 de Dades de Car\u00e0cter Personal) i el Reglament (Real Decreto 1332\/94).\n\t\t<\/h6>\n\t<\/li>\n\t<li>\n\t\t<h6>L'usuari pot excercir el seu dret d'acc\u00e9s, rectificaci\u00f3, cancel.laci\u00f3 i oposici\u00f3 sobre les seves dades que li atorga la vigent Llei org\u00e0nica de protecci\u00f3 de dades (L 15\/1999, de 13 de desembre). S\u00ed aix\u00ed ho desitja, pot fer-ho a trav\u00e9s d'aquesta mateixa secci\u00f3 (contacte).\n\t\t<\/h6>\n\t<\/li>\n<\/ul>\n<p><input class=\"wpcf7-form-control wpcf7-submit has-spinner\" type=\"submit\" value=\"Enviar\" \/>\n<\/p><div class=\"wpcf7-response-output\" aria-hidden=\"true\"><\/div>\n<\/form>\n<\/div>\n[\/et_pb_text][\/et_pb_column][\/et_pb_row][et_pb_row _builder_version=&#8221;4.10.8&#8243; _module_preset=&#8221;default&#8221;][et_pb_column _builder_version=&#8221;4.10.8&#8243; _module_preset=&#8221;default&#8221; type=&#8221;4_4&#8243;][et_pb_text _builder_version=&#8221;4.10.8&#8243; _module_preset=&#8221;default&#8221; hover_enabled=&#8221;0&#8243; sticky_enabled=&#8221;0&#8243;][\/et_pb_text][\/et_pb_column][\/et_pb_row][\/et_pb_section]\n","protected":false},"excerpt":{"rendered":"<p>[et_pb_section fb_built=&#8221;1&#8243; admin_label=&#8221;section&#8221; _builder_version=&#8221;3.22&#8243; global_colors_info=&#8221;{}&#8221;][et_pb_row _builder_version=&#8221;3.25&#8243; background_size=&#8221;initial&#8221; background_position=&#8221;top_left&#8221; background_repeat=&#8221;repeat&#8221; custom_padding=&#8221;||0px|||&#8221; global_colors_info=&#8221;{}&#8221; locked=&#8221;off&#8221;][et_pb_column type=&#8221;4_4&#8243; _builder_version=&#8221;3.25&#8243; custom_padding=&#8221;|||&#8221; global_colors_info=&#8221;{}&#8221; custom_padding__hover=&#8221;|||&#8221;][et_pb_text admin_label=&#8221;Text&#8221; _builder_version=&#8221;4.10.8&#8243; background_size=&#8221;initial&#8221; background_position=&#8221;top_left&#8221; background_repeat=&#8221;repeat&#8221; hover_enabled=&#8221;0&#8243; global_colors_info=&#8221;{}&#8221; sticky_enabled=&#8221;0&#8243;] INSCRIPCIONS [\/et_pb_text][\/et_pb_column][\/et_pb_row][et_pb_row admin_label=&#8221;row&#8221; _builder_version=&#8221;3.25&#8243; background_size=&#8221;initial&#8221; background_position=&#8221;top_left&#8221; background_repeat=&#8221;repeat&#8221; global_colors_info=&#8221;{}&#8221;][et_pb_column type=&#8221;4_4&#8243; _builder_version=&#8221;3.25&#8243; custom_padding=&#8221;|||&#8221; global_colors_info=&#8221;{}&#8221; custom_padding__hover=&#8221;|||&#8221;][et_pb_text admin_label=&#8221;Text&#8221; _builder_version=&#8221;3.27.4&#8243; background_size=&#8221;initial&#8221; background_position=&#8221;top_left&#8221; background_repeat=&#8221;repeat&#8221; global_colors_info=&#8221;{}&#8221; custom_margin=&#8221;-36px|||||&#8221;][\/et_pb_text][\/et_pb_column][\/et_pb_row][et_pb_row _builder_version=&#8221;4.10.8&#8243; _module_preset=&#8221;default&#8221;][et_pb_column _builder_version=&#8221;4.10.8&#8243; _module_preset=&#8221;default&#8221; type=&#8221;4_4&#8243;][et_pb_text _builder_version=&#8221;4.10.8&#8243; _module_preset=&#8221;default&#8221; hover_enabled=&#8221;0&#8243; sticky_enabled=&#8221;0&#8243;][\/et_pb_text][\/et_pb_column][\/et_pb_row][\/et_pb_section]<\/p>\n","protected":false},"author":1,"featured_media":0,"parent":0,"menu_order":0,"comment_status":"closed","ping_status":"closed","template":"","meta":{"_et_pb_use_builder":"on","_et_pb_old_content":"[contact-form-7 id=\"229001\" title=\"Inscripcions\"]","_et_gb_content_width":"","footnotes":""},"class_list":["post-283","page","type-page","status-publish","hentry"],"yoast_head":"<!-- This site is optimized with the Yoast SEO plugin v27.4 - https:\/\/yoast.com\/product\/yoast-seo-wordpress\/ -->\n<title>Inscripcions - Pica Lletres - Concurs ling\u00fc\u00edstic que consisteix a lletrejar paraules en catal\u00e0<\/title>\n<meta name=\"robots\" content=\"index, follow, max-snippet:-1, max-image-preview:large, max-video-preview:-1\" \/>\n<link rel=\"canonical\" href=\"https:\/\/www.picalletres.net\/ca\/inscripcions-22\/\" \/>\n<meta property=\"og:locale\" content=\"ca_ES\" \/>\n<meta property=\"og:type\" content=\"article\" \/>\n<meta property=\"og:title\" content=\"Inscripcions - Pica Lletres - Concurs ling\u00fc\u00edstic que consisteix a lletrejar paraules en catal\u00e0\" \/>\n<meta property=\"og:description\" content=\"[et_pb_section fb_built=&#8221;1&#8243; admin_label=&#8221;section&#8221; _builder_version=&#8221;3.22&#8243; global_colors_info=&#8221;{}&#8221;][et_pb_row _builder_version=&#8221;3.25&#8243; background_size=&#8221;initial&#8221; background_position=&#8221;top_left&#8221; background_repeat=&#8221;repeat&#8221; custom_padding=&#8221;||0px|||&#8221; global_colors_info=&#8221;{}&#8221; locked=&#8221;off&#8221;][et_pb_column type=&#8221;4_4&#8243; _builder_version=&#8221;3.25&#8243; custom_padding=&#8221;|||&#8221; global_colors_info=&#8221;{}&#8221; custom_padding__hover=&#8221;|||&#8221;][et_pb_text admin_label=&#8221;Text&#8221; _builder_version=&#8221;4.10.8&#8243; background_size=&#8221;initial&#8221; background_position=&#8221;top_left&#8221; background_repeat=&#8221;repeat&#8221; hover_enabled=&#8221;0&#8243; global_colors_info=&#8221;{}&#8221; sticky_enabled=&#8221;0&#8243;] INSCRIPCIONS [\/et_pb_text][\/et_pb_column][\/et_pb_row][et_pb_row admin_label=&#8221;row&#8221; _builder_version=&#8221;3.25&#8243; background_size=&#8221;initial&#8221; background_position=&#8221;top_left&#8221; background_repeat=&#8221;repeat&#8221; global_colors_info=&#8221;{}&#8221;][et_pb_column type=&#8221;4_4&#8243; _builder_version=&#8221;3.25&#8243; custom_padding=&#8221;|||&#8221; global_colors_info=&#8221;{}&#8221; custom_padding__hover=&#8221;|||&#8221;][et_pb_text admin_label=&#8221;Text&#8221; _builder_version=&#8221;3.27.4&#8243; background_size=&#8221;initial&#8221; background_position=&#8221;top_left&#8221; background_repeat=&#8221;repeat&#8221; global_colors_info=&#8221;{}&#8221; custom_margin=&#8221;-36px|||||&#8221;][\/et_pb_text][\/et_pb_column][\/et_pb_row][et_pb_row _builder_version=&#8221;4.10.8&#8243; _module_preset=&#8221;default&#8221;][et_pb_column _builder_version=&#8221;4.10.8&#8243; _module_preset=&#8221;default&#8221; type=&#8221;4_4&#8243;][et_pb_text _builder_version=&#8221;4.10.8&#8243; _module_preset=&#8221;default&#8221; hover_enabled=&#8221;0&#8243; sticky_enabled=&#8221;0&#8243;][\/et_pb_text][\/et_pb_column][\/et_pb_row][\/et_pb_section]\" \/>\n<meta property=\"og:url\" content=\"https:\/\/www.picalletres.net\/ca\/inscripcions-22\/\" \/>\n<meta property=\"og:site_name\" content=\"Pica Lletres - Concurs ling\u00fc\u00edstic que consisteix a lletrejar paraules en catal\u00e0\" \/>\n<meta property=\"article:modified_time\" content=\"2021-10-06T12:18:24+00:00\" \/>\n<meta name=\"twitter:card\" content=\"summary_large_image\" \/>\n<meta name=\"twitter:label1\" content=\"Temps estimat de lectura\" \/>\n\t<meta name=\"twitter:data1\" content=\"1 minut\" \/>\n<script type=\"application\/ld+json\" class=\"yoast-schema-graph\">{\"@context\":\"https:\\\/\\\/schema.org\",\"@graph\":[{\"@type\":\"WebPage\",\"@id\":\"https:\\\/\\\/www.picalletres.net\\\/ca\\\/inscripcions-22\\\/\",\"url\":\"https:\\\/\\\/www.picalletres.net\\\/ca\\\/inscripcions-22\\\/\",\"name\":\"Inscripcions - Pica Lletres - Concurs ling\u00fc\u00edstic que consisteix a lletrejar paraules en catal\u00e0\",\"isPartOf\":{\"@id\":\"https:\\\/\\\/www.picalletres.net\\\/ca\\\/#website\"},\"datePublished\":\"2014-11-10T13:16:11+00:00\",\"dateModified\":\"2021-10-06T12:18:24+00:00\",\"breadcrumb\":{\"@id\":\"https:\\\/\\\/www.picalletres.net\\\/ca\\\/inscripcions-22\\\/#breadcrumb\"},\"inLanguage\":\"ca\",\"potentialAction\":[{\"@type\":\"ReadAction\",\"target\":[\"https:\\\/\\\/www.picalletres.net\\\/ca\\\/inscripcions-22\\\/\"]}]},{\"@type\":\"BreadcrumbList\",\"@id\":\"https:\\\/\\\/www.picalletres.net\\\/ca\\\/inscripcions-22\\\/#breadcrumb\",\"itemListElement\":[{\"@type\":\"ListItem\",\"position\":1,\"name\":\"Portada\",\"item\":\"https:\\\/\\\/www.picalletres.net\\\/ca\\\/\"},{\"@type\":\"ListItem\",\"position\":2,\"name\":\"Inscripcions\"}]},{\"@type\":\"WebSite\",\"@id\":\"https:\\\/\\\/www.picalletres.net\\\/ca\\\/#website\",\"url\":\"https:\\\/\\\/www.picalletres.net\\\/ca\\\/\",\"name\":\"Pica Lletres - Concurs ling\u00fc\u00edstic que consisteix a lletrejar paraules en catal\u00e0\",\"description\":\"\",\"potentialAction\":[{\"@type\":\"SearchAction\",\"target\":{\"@type\":\"EntryPoint\",\"urlTemplate\":\"https:\\\/\\\/www.picalletres.net\\\/ca\\\/?s={search_term_string}\"},\"query-input\":{\"@type\":\"PropertyValueSpecification\",\"valueRequired\":true,\"valueName\":\"search_term_string\"}}],\"inLanguage\":\"ca\"}]}<\/script>\n<!-- \/ Yoast SEO plugin. -->","yoast_head_json":{"title":"Inscripcions - Pica Lletres - Concurs ling\u00fc\u00edstic que consisteix a lletrejar paraules en catal\u00e0","robots":{"index":"index","follow":"follow","max-snippet":"max-snippet:-1","max-image-preview":"max-image-preview:large","max-video-preview":"max-video-preview:-1"},"canonical":"https:\/\/www.picalletres.net\/ca\/inscripcions-22\/","og_locale":"ca_ES","og_type":"article","og_title":"Inscripcions - Pica Lletres - Concurs ling\u00fc\u00edstic que consisteix a lletrejar paraules en catal\u00e0","og_description":"[et_pb_section fb_built=&#8221;1&#8243; admin_label=&#8221;section&#8221; _builder_version=&#8221;3.22&#8243; global_colors_info=&#8221;{}&#8221;][et_pb_row _builder_version=&#8221;3.25&#8243; background_size=&#8221;initial&#8221; background_position=&#8221;top_left&#8221; background_repeat=&#8221;repeat&#8221; custom_padding=&#8221;||0px|||&#8221; global_colors_info=&#8221;{}&#8221; locked=&#8221;off&#8221;][et_pb_column type=&#8221;4_4&#8243; _builder_version=&#8221;3.25&#8243; custom_padding=&#8221;|||&#8221; global_colors_info=&#8221;{}&#8221; custom_padding__hover=&#8221;|||&#8221;][et_pb_text admin_label=&#8221;Text&#8221; _builder_version=&#8221;4.10.8&#8243; background_size=&#8221;initial&#8221; background_position=&#8221;top_left&#8221; background_repeat=&#8221;repeat&#8221; hover_enabled=&#8221;0&#8243; global_colors_info=&#8221;{}&#8221; sticky_enabled=&#8221;0&#8243;] INSCRIPCIONS [\/et_pb_text][\/et_pb_column][\/et_pb_row][et_pb_row admin_label=&#8221;row&#8221; _builder_version=&#8221;3.25&#8243; background_size=&#8221;initial&#8221; background_position=&#8221;top_left&#8221; background_repeat=&#8221;repeat&#8221; global_colors_info=&#8221;{}&#8221;][et_pb_column type=&#8221;4_4&#8243; _builder_version=&#8221;3.25&#8243; custom_padding=&#8221;|||&#8221; global_colors_info=&#8221;{}&#8221; custom_padding__hover=&#8221;|||&#8221;][et_pb_text admin_label=&#8221;Text&#8221; _builder_version=&#8221;3.27.4&#8243; background_size=&#8221;initial&#8221; background_position=&#8221;top_left&#8221; background_repeat=&#8221;repeat&#8221; global_colors_info=&#8221;{}&#8221; custom_margin=&#8221;-36px|||||&#8221;][\/et_pb_text][\/et_pb_column][\/et_pb_row][et_pb_row _builder_version=&#8221;4.10.8&#8243; _module_preset=&#8221;default&#8221;][et_pb_column _builder_version=&#8221;4.10.8&#8243; _module_preset=&#8221;default&#8221; type=&#8221;4_4&#8243;][et_pb_text _builder_version=&#8221;4.10.8&#8243; _module_preset=&#8221;default&#8221; hover_enabled=&#8221;0&#8243; sticky_enabled=&#8221;0&#8243;][\/et_pb_text][\/et_pb_column][\/et_pb_row][\/et_pb_section]","og_url":"https:\/\/www.picalletres.net\/ca\/inscripcions-22\/","og_site_name":"Pica Lletres - Concurs ling\u00fc\u00edstic que consisteix a lletrejar paraules en catal\u00e0","article_modified_time":"2021-10-06T12:18:24+00:00","twitter_card":"summary_large_image","twitter_misc":{"Temps estimat de lectura":"1 minut"},"schema":{"@context":"https:\/\/schema.org","@graph":[{"@type":"WebPage","@id":"https:\/\/www.picalletres.net\/ca\/inscripcions-22\/","url":"https:\/\/www.picalletres.net\/ca\/inscripcions-22\/","name":"Inscripcions - Pica Lletres - Concurs ling\u00fc\u00edstic que consisteix a lletrejar paraules en catal\u00e0","isPartOf":{"@id":"https:\/\/www.picalletres.net\/ca\/#website"},"datePublished":"2014-11-10T13:16:11+00:00","dateModified":"2021-10-06T12:18:24+00:00","breadcrumb":{"@id":"https:\/\/www.picalletres.net\/ca\/inscripcions-22\/#breadcrumb"},"inLanguage":"ca","potentialAction":[{"@type":"ReadAction","target":["https:\/\/www.picalletres.net\/ca\/inscripcions-22\/"]}]},{"@type":"BreadcrumbList","@id":"https:\/\/www.picalletres.net\/ca\/inscripcions-22\/#breadcrumb","itemListElement":[{"@type":"ListItem","position":1,"name":"Portada","item":"https:\/\/www.picalletres.net\/ca\/"},{"@type":"ListItem","position":2,"name":"Inscripcions"}]},{"@type":"WebSite","@id":"https:\/\/www.picalletres.net\/ca\/#website","url":"https:\/\/www.picalletres.net\/ca\/","name":"Pica Lletres - Concurs ling\u00fc\u00edstic que consisteix a lletrejar paraules en catal\u00e0","description":"","potentialAction":[{"@type":"SearchAction","target":{"@type":"EntryPoint","urlTemplate":"https:\/\/www.picalletres.net\/ca\/?s={search_term_string}"},"query-input":{"@type":"PropertyValueSpecification","valueRequired":true,"valueName":"search_term_string"}}],"inLanguage":"ca"}]}},"_links":{"self":[{"href":"https:\/\/www.picalletres.net\/ca\/wp-json\/wp\/v2\/pages\/283","targetHints":{"allow":["GET"]}}],"collection":[{"href":"https:\/\/www.picalletres.net\/ca\/wp-json\/wp\/v2\/pages"}],"about":[{"href":"https:\/\/www.picalletres.net\/ca\/wp-json\/wp\/v2\/types\/page"}],"author":[{"embeddable":true,"href":"https:\/\/www.picalletres.net\/ca\/wp-json\/wp\/v2\/users\/1"}],"replies":[{"embeddable":true,"href":"https:\/\/www.picalletres.net\/ca\/wp-json\/wp\/v2\/comments?post=283"}],"version-history":[{"count":6,"href":"https:\/\/www.picalletres.net\/ca\/wp-json\/wp\/v2\/pages\/283\/revisions"}],"predecessor-version":[{"id":229141,"href":"https:\/\/www.picalletres.net\/ca\/wp-json\/wp\/v2\/pages\/283\/revisions\/229141"}],"wp:attachment":[{"href":"https:\/\/www.picalletres.net\/ca\/wp-json\/wp\/v2\/media?parent=283"}],"curies":[{"name":"wp","href":"https:\/\/api.w.org\/{rel}","templated":true}]}}