{"id":229233,"date":"2021-11-15T15:00:58","date_gmt":"2021-11-15T14:00:58","guid":{"rendered":"https:\/\/www.picalletres.net\/ca\/?page_id=229233"},"modified":"2023-06-14T15:09:07","modified_gmt":"2023-06-14T13:09:07","slug":"politica-de-cookies","status":"publish","type":"page","link":"https:\/\/www.picalletres.net\/ca\/politica-de-cookies\/","title":{"rendered":"Pol\u00edtica de cookies"},"content":{"rendered":"[et_pb_section fb_built=&#8221;1&#8243; _builder_version=&#8221;4.16&#8243; global_colors_info=&#8221;{}&#8221;][et_pb_row _builder_version=&#8221;4.16&#8243; background_size=&#8221;initial&#8221; background_position=&#8221;top_left&#8221; background_repeat=&#8221;repeat&#8221; global_colors_info=&#8221;{}&#8221;][et_pb_column type=&#8221;4_4&#8243; _builder_version=&#8221;4.16&#8243; custom_padding=&#8221;|||&#8221; global_colors_info=&#8221;{}&#8221; custom_padding__hover=&#8221;|||&#8221;][et_pb_text admin_label=&#8221;Text&#8221; _builder_version=&#8221;4.16&#8243; background_size=&#8221;initial&#8221; background_position=&#8221;top_left&#8221; background_repeat=&#8221;repeat&#8221; global_colors_info=&#8221;{}&#8221;]\n<h1>POL\u00cdTICA DE COOKIES<\/h1>\n<p>&nbsp;<\/p>\n[\/et_pb_text][et_pb_text _builder_version=&#8221;4.21.0&#8243; _module_preset=&#8221;default&#8221; global_colors_info=&#8221;{}&#8221;]\n<p>Cookie \u00e9s un fitxer que es descarrega al vostre ordinador en accedir a determinades p\u00e0gines web. Les galetes permeten a una p\u00e0gina web, entre altres coses, emmagatzemar i recuperar informaci\u00f3 sobre els h\u00e0bits de navegaci\u00f3 d&#8217;un usuari o del seu equip i, depenent de la informaci\u00f3 que continguin i de la manera com utilitzi el seu equip, es poden utilitzar per recon\u00e8ixer a l&#8217;usuari. El navegador de l&#8217;usuari memoritza cookies al disc dur nom\u00e9s durant la sessi\u00f3 actual ocupant un espai de mem\u00f2ria m\u00ednim i no perjudicant l&#8217;ordinador. Les galetes no contenen cap tipus d&#8217;informaci\u00f3 personal espec\u00edfica, i la majoria s&#8217;esborren del disc dur en finalitzar la sessi\u00f3 de navegador (les anomenades galetes de sessi\u00f3). La majoria dels navegadors accepten com a est\u00e0ndard les galetes i, amb independ\u00e8ncia de les mateixes, permeten o impedeixen en els ajustaments de seguretat les galetes temporals o memoritzades. Sense el vostre expr\u00e9s consentiment \u2013mitjan\u00e7ant l&#8217;activaci\u00f3 de les cookies al vostre navegador no enlla\u00e7ar\u00e0 a les cookies les dades memoritzades amb les vostres dades personals proporcionades en el moment del registre o la compra.<\/p>\n<p>QUINS TIPUS DE GALETES &#8211; COOKIES UTILITZA AQUESTA P\u00c0GINA WEB?<\/p>\n<p>Cookies t\u00e8cniques: S\u00f3n aquelles que permeten a l&#8217;usuari la<\/p>\n<p><strong>Qu\u00e8 s\u00f3n les \u2018galetes\u2019 (\u2018cookies\u2019)?<\/strong><\/p>\n<p>Les \u2018galetes\u2019 s\u00f3n arxius que es poden descarregar en el vostre equip mitjan\u00e7ant les p\u00e0gines web. S\u00f3n eines que tenen un paper essencial per a la prestaci\u00f3 de nombrosos serveis de la societat de la informaci\u00f3. Permeten a una p\u00e0gina web, per exemple, d\u2019emmagatzemar i recuperar informaci\u00f3 sobre els h\u00e0bits de navegaci\u00f3 d\u2019un usuari o del seu equip i, depenent de la informaci\u00f3 obtinguda, es poden utilitzar per recon\u00e8ixer l\u2019usuari i millorar el servei ofert.<\/p>\n<p><strong>Tipus de galetes<\/strong><\/p>\n<p>Hi ha diversos tipus de galetes segons el termini que romanen activades:<\/p>\n<ul>\n<li><strong> <\/strong><strong>Galetes de sessi\u00f3<\/strong>: s\u00f3n galetes temporals que romanen a l\u2019arxiu de galetes del vostre navegador fins que no abandoneu la p\u00e0gina web, per la qual cosa no resten registrades en el disc dur. La informaci\u00f3 obtinguda per mitj\u00e0 d\u2019aquestes galetes serveix per a analitzar pautes de tr\u00e0fic al lloc web.<\/li>\n<li><strong>Galetes permanents o persistents<\/strong>: s\u00f3n emmagatzemades al disc dur i la nostra web les llegeix cada vegada que hi feu una visita.<\/li>\n<\/ul>\n<p>Es poden classificar tamb\u00e9 segons l\u2019entitat que gestioni el domini des d\u2019on s\u2019envien i hi tracti les dades que se n\u2019obtinguin. D\u2019acord amb aquest criteri, se\u2019n poden distingir dos tipus:<\/p>\n<ul>\n<li><strong> <\/strong><strong>Galetes pr\u00f2pies<\/strong>: les que s\u2019envien a l\u2019equip terminal de l\u2019usuari des d\u2019un equip o domini gestionat per l\u2019editor i des del qual es presta el servei sol\u00b7licitat per l\u2019usuari.<\/li>\n<li><strong>Galetes de tercers: <\/strong>les que s\u2019envien a l\u2019equip terminal de l\u2019usuari des d\u2019un equip o domini que no \u00e9s gestionat per l\u2019editor, sin\u00f3 per una altra entitat que tracta les dades obtingudes per mitj\u00e0 de les galetes.<\/li>\n<\/ul>\n<p>Tamb\u00e9 poden classificar-se segons la finalitat.<\/p>\n<p>A continuaci\u00f3 relacionem les principals galetes utilitzades per BLEBA 30, S.L. en la web:<\/p>\n<ul>\n<li><strong> <\/strong><strong>Galetes de registre<\/strong>: per a identificar l\u2019usuari que ha iniciat sessi\u00f3.<\/li>\n<li><strong> <\/strong><strong>Galetes de publicitat<\/strong>: per a oferir continguts publicitaris relacionats amb els interessos de l\u2019usuari, b\u00e9 directament, b\u00e9 per mitj\u00e0 de tercers anomenats \u2018Adservers\u2019.<\/li>\n<li><strong> <\/strong><strong>Galetes anal\u00edtiques<\/strong>: per a obtenir informaci\u00f3 relacionada amb el mesurament de l\u2019audi\u00e8ncia.<\/li>\n<li><strong>Galetes sobre geolocalitzaci\u00f3<\/strong>: per a recaptar informaci\u00f3 sobre la localitzaci\u00f3 geogr\u00e0fica de l\u2019usuari.<\/li>\n<\/ul>\n<p>Seguint la pol\u00edtica de protecci\u00f3 de dades de l\u2019empresa, BLEBA 30, S.L. informa que les galetes s\u2019associen a l\u2019usuari an\u00f2nim i al seu ordinador i no proporcionen per si mateixes ni el nom ni els cognoms de l\u2019usuari.<\/p>\n<p>&nbsp;<\/p>\n<p><strong>Desactivaci\u00f3 i eliminaci\u00f3 de galetes<\/strong><\/p>\n<p>L\u2019usuari t\u00e9 la possibilitat de configurar el seu navegador de manera que sigui informat de la recepci\u00f3 de galetes, amb la possibilitat d\u2019impedir que s\u2019instal\u00b7lin al seu disc dur.<\/p>\n<p>Segons el navegador que utilitzi, l\u2019usuari pot deshabilitar l\u2019\u00fas de les galetes a:<\/p>\n<ul>\n<li><strong>Chrome<\/strong>: Configuraci\u00f3 &gt; Configuraci\u00f3 avan\u00e7ada &gt; privacitat i seguretat &gt; Configuraci\u00f3 del contingut.<\/li>\n<li><strong>Firefox<\/strong>: Opcions &gt; privacitat i seguretat.<\/li>\n<li><strong>Edge<\/strong>: Configuraci\u00f3 &gt; Configuraci\u00f3 avan\u00e7ada &gt; privacitat i serveis.<\/li>\n<li><strong>Safari: <\/strong>Prefer\u00e8ncies &gt; privacitat.<\/li>\n<\/ul>\n<p>No obstant aix\u00f2, per a accedir als llocs web de BLEBA 30, S.L. no \u00e9s preceptiva la instal\u00b7laci\u00f3 de galetes.<\/p>\n<p>L\u2019usuari es compromet a abstenir-se de reproduir, copiar, distribuir i posar a disposici\u00f3 els continguts de la web o, de qualsevol altra manera, comunicar-los p\u00fablicament, transformar-los o modificar-los, llevat que tingui l\u2019autoritzaci\u00f3 del titular dels corresponents drets o aix\u00f2 resulti legalment perm\u00e8s.<\/p>\n<p><em><\/em><\/p>\n<p><em><\/em><\/p>\n[\/et_pb_text][\/et_pb_column][\/et_pb_row][\/et_pb_section]\n","protected":false},"excerpt":{"rendered":"<p>[et_pb_section fb_built=&#8221;1&#8243; _builder_version=&#8221;4.16&#8243; global_colors_info=&#8221;{}&#8221;][et_pb_row _builder_version=&#8221;4.16&#8243; background_size=&#8221;initial&#8221; background_position=&#8221;top_left&#8221; background_repeat=&#8221;repeat&#8221; global_colors_info=&#8221;{}&#8221;][et_pb_column type=&#8221;4_4&#8243; _builder_version=&#8221;4.16&#8243; custom_padding=&#8221;|||&#8221; global_colors_info=&#8221;{}&#8221; custom_padding__hover=&#8221;|||&#8221;][et_pb_text admin_label=&#8221;Text&#8221; _builder_version=&#8221;4.16&#8243; background_size=&#8221;initial&#8221; background_position=&#8221;top_left&#8221; background_repeat=&#8221;repeat&#8221; global_colors_info=&#8221;{}&#8221;] POL\u00cdTICA DE COOKIES &nbsp; [\/et_pb_text][et_pb_text _builder_version=&#8221;4.21.0&#8243; _module_preset=&#8221;default&#8221; global_colors_info=&#8221;{}&#8221;] Cookie \u00e9s un fitxer que es descarrega al vostre ordinador en accedir a determinades p\u00e0gines web. Les galetes permeten a una p\u00e0gina web, entre altres coses, emmagatzemar [&hellip;]<\/p>\n","protected":false},"author":1,"featured_media":0,"parent":0,"menu_order":0,"comment_status":"closed","ping_status":"closed","template":"","meta":{"_et_pb_use_builder":"on","_et_pb_old_content":"","_et_gb_content_width":"","footnotes":""},"class_list":["post-229233","page","type-page","status-publish","hentry"],"yoast_head":"<!-- This site is optimized with the Yoast SEO plugin v27.4 - https:\/\/yoast.com\/product\/yoast-seo-wordpress\/ -->\n<title>Pol\u00edtica de cookies - Pica Lletres - Concurs ling\u00fc\u00edstic que consisteix a lletrejar paraules en catal\u00e0<\/title>\n<meta name=\"robots\" content=\"index, follow, max-snippet:-1, max-image-preview:large, max-video-preview:-1\" \/>\n<link rel=\"canonical\" href=\"https:\/\/www.picalletres.net\/ca\/politica-de-cookies\/\" \/>\n<meta property=\"og:locale\" content=\"ca_ES\" \/>\n<meta property=\"og:type\" content=\"article\" \/>\n<meta property=\"og:title\" content=\"Pol\u00edtica de cookies - Pica Lletres - Concurs ling\u00fc\u00edstic que consisteix a lletrejar paraules en catal\u00e0\" \/>\n<meta property=\"og:description\" content=\"[et_pb_section fb_built=&#8221;1&#8243; _builder_version=&#8221;4.16&#8243; global_colors_info=&#8221;{}&#8221;][et_pb_row _builder_version=&#8221;4.16&#8243; background_size=&#8221;initial&#8221; background_position=&#8221;top_left&#8221; background_repeat=&#8221;repeat&#8221; global_colors_info=&#8221;{}&#8221;][et_pb_column type=&#8221;4_4&#8243; _builder_version=&#8221;4.16&#8243; custom_padding=&#8221;|||&#8221; global_colors_info=&#8221;{}&#8221; custom_padding__hover=&#8221;|||&#8221;][et_pb_text admin_label=&#8221;Text&#8221; _builder_version=&#8221;4.16&#8243; background_size=&#8221;initial&#8221; background_position=&#8221;top_left&#8221; background_repeat=&#8221;repeat&#8221; global_colors_info=&#8221;{}&#8221;] POL\u00cdTICA DE COOKIES &nbsp; [\/et_pb_text][et_pb_text _builder_version=&#8221;4.21.0&#8243; _module_preset=&#8221;default&#8221; global_colors_info=&#8221;{}&#8221;] Cookie \u00e9s un fitxer que es descarrega al vostre ordinador en accedir a determinades p\u00e0gines web. Les galetes permeten a una p\u00e0gina web, entre altres coses, emmagatzemar [&hellip;]\" \/>\n<meta property=\"og:url\" content=\"https:\/\/www.picalletres.net\/ca\/politica-de-cookies\/\" \/>\n<meta property=\"og:site_name\" content=\"Pica Lletres - Concurs ling\u00fc\u00edstic que consisteix a lletrejar paraules en catal\u00e0\" \/>\n<meta property=\"article:modified_time\" content=\"2023-06-14T13:09:07+00:00\" \/>\n<meta name=\"twitter:card\" content=\"summary_large_image\" \/>\n<meta name=\"twitter:label1\" content=\"Temps estimat de lectura\" \/>\n\t<meta name=\"twitter:data1\" content=\"4 minuts\" \/>\n<script type=\"application\/ld+json\" class=\"yoast-schema-graph\">{\"@context\":\"https:\\\/\\\/schema.org\",\"@graph\":[{\"@type\":\"WebPage\",\"@id\":\"https:\\\/\\\/www.picalletres.net\\\/ca\\\/politica-de-cookies\\\/\",\"url\":\"https:\\\/\\\/www.picalletres.net\\\/ca\\\/politica-de-cookies\\\/\",\"name\":\"Pol\u00edtica de cookies - Pica Lletres - Concurs ling\u00fc\u00edstic que consisteix a lletrejar paraules en catal\u00e0\",\"isPartOf\":{\"@id\":\"https:\\\/\\\/www.picalletres.net\\\/ca\\\/#website\"},\"datePublished\":\"2021-11-15T14:00:58+00:00\",\"dateModified\":\"2023-06-14T13:09:07+00:00\",\"breadcrumb\":{\"@id\":\"https:\\\/\\\/www.picalletres.net\\\/ca\\\/politica-de-cookies\\\/#breadcrumb\"},\"inLanguage\":\"ca\",\"potentialAction\":[{\"@type\":\"ReadAction\",\"target\":[\"https:\\\/\\\/www.picalletres.net\\\/ca\\\/politica-de-cookies\\\/\"]}]},{\"@type\":\"BreadcrumbList\",\"@id\":\"https:\\\/\\\/www.picalletres.net\\\/ca\\\/politica-de-cookies\\\/#breadcrumb\",\"itemListElement\":[{\"@type\":\"ListItem\",\"position\":1,\"name\":\"Portada\",\"item\":\"https:\\\/\\\/www.picalletres.net\\\/ca\\\/\"},{\"@type\":\"ListItem\",\"position\":2,\"name\":\"Pol\u00edtica de cookies\"}]},{\"@type\":\"WebSite\",\"@id\":\"https:\\\/\\\/www.picalletres.net\\\/ca\\\/#website\",\"url\":\"https:\\\/\\\/www.picalletres.net\\\/ca\\\/\",\"name\":\"Pica Lletres - Concurs ling\u00fc\u00edstic que consisteix a lletrejar paraules en catal\u00e0\",\"description\":\"\",\"potentialAction\":[{\"@type\":\"SearchAction\",\"target\":{\"@type\":\"EntryPoint\",\"urlTemplate\":\"https:\\\/\\\/www.picalletres.net\\\/ca\\\/?s={search_term_string}\"},\"query-input\":{\"@type\":\"PropertyValueSpecification\",\"valueRequired\":true,\"valueName\":\"search_term_string\"}}],\"inLanguage\":\"ca\"}]}<\/script>\n<!-- \/ Yoast SEO plugin. -->","yoast_head_json":{"title":"Pol\u00edtica de cookies - Pica Lletres - Concurs ling\u00fc\u00edstic que consisteix a lletrejar paraules en catal\u00e0","robots":{"index":"index","follow":"follow","max-snippet":"max-snippet:-1","max-image-preview":"max-image-preview:large","max-video-preview":"max-video-preview:-1"},"canonical":"https:\/\/www.picalletres.net\/ca\/politica-de-cookies\/","og_locale":"ca_ES","og_type":"article","og_title":"Pol\u00edtica de cookies - Pica Lletres - Concurs ling\u00fc\u00edstic que consisteix a lletrejar paraules en catal\u00e0","og_description":"[et_pb_section fb_built=&#8221;1&#8243; _builder_version=&#8221;4.16&#8243; global_colors_info=&#8221;{}&#8221;][et_pb_row _builder_version=&#8221;4.16&#8243; background_size=&#8221;initial&#8221; background_position=&#8221;top_left&#8221; background_repeat=&#8221;repeat&#8221; global_colors_info=&#8221;{}&#8221;][et_pb_column type=&#8221;4_4&#8243; _builder_version=&#8221;4.16&#8243; custom_padding=&#8221;|||&#8221; global_colors_info=&#8221;{}&#8221; custom_padding__hover=&#8221;|||&#8221;][et_pb_text admin_label=&#8221;Text&#8221; _builder_version=&#8221;4.16&#8243; background_size=&#8221;initial&#8221; background_position=&#8221;top_left&#8221; background_repeat=&#8221;repeat&#8221; global_colors_info=&#8221;{}&#8221;] POL\u00cdTICA DE COOKIES &nbsp; [\/et_pb_text][et_pb_text _builder_version=&#8221;4.21.0&#8243; _module_preset=&#8221;default&#8221; global_colors_info=&#8221;{}&#8221;] Cookie \u00e9s un fitxer que es descarrega al vostre ordinador en accedir a determinades p\u00e0gines web. Les galetes permeten a una p\u00e0gina web, entre altres coses, emmagatzemar [&hellip;]","og_url":"https:\/\/www.picalletres.net\/ca\/politica-de-cookies\/","og_site_name":"Pica Lletres - Concurs ling\u00fc\u00edstic que consisteix a lletrejar paraules en catal\u00e0","article_modified_time":"2023-06-14T13:09:07+00:00","twitter_card":"summary_large_image","twitter_misc":{"Temps estimat de lectura":"4 minuts"},"schema":{"@context":"https:\/\/schema.org","@graph":[{"@type":"WebPage","@id":"https:\/\/www.picalletres.net\/ca\/politica-de-cookies\/","url":"https:\/\/www.picalletres.net\/ca\/politica-de-cookies\/","name":"Pol\u00edtica de cookies - Pica Lletres - Concurs ling\u00fc\u00edstic que consisteix a lletrejar paraules en catal\u00e0","isPartOf":{"@id":"https:\/\/www.picalletres.net\/ca\/#website"},"datePublished":"2021-11-15T14:00:58+00:00","dateModified":"2023-06-14T13:09:07+00:00","breadcrumb":{"@id":"https:\/\/www.picalletres.net\/ca\/politica-de-cookies\/#breadcrumb"},"inLanguage":"ca","potentialAction":[{"@type":"ReadAction","target":["https:\/\/www.picalletres.net\/ca\/politica-de-cookies\/"]}]},{"@type":"BreadcrumbList","@id":"https:\/\/www.picalletres.net\/ca\/politica-de-cookies\/#breadcrumb","itemListElement":[{"@type":"ListItem","position":1,"name":"Portada","item":"https:\/\/www.picalletres.net\/ca\/"},{"@type":"ListItem","position":2,"name":"Pol\u00edtica de cookies"}]},{"@type":"WebSite","@id":"https:\/\/www.picalletres.net\/ca\/#website","url":"https:\/\/www.picalletres.net\/ca\/","name":"Pica Lletres - Concurs ling\u00fc\u00edstic que consisteix a lletrejar paraules en catal\u00e0","description":"","potentialAction":[{"@type":"SearchAction","target":{"@type":"EntryPoint","urlTemplate":"https:\/\/www.picalletres.net\/ca\/?s={search_term_string}"},"query-input":{"@type":"PropertyValueSpecification","valueRequired":true,"valueName":"search_term_string"}}],"inLanguage":"ca"}]}},"_links":{"self":[{"href":"https:\/\/www.picalletres.net\/ca\/wp-json\/wp\/v2\/pages\/229233","targetHints":{"allow":["GET"]}}],"collection":[{"href":"https:\/\/www.picalletres.net\/ca\/wp-json\/wp\/v2\/pages"}],"about":[{"href":"https:\/\/www.picalletres.net\/ca\/wp-json\/wp\/v2\/types\/page"}],"author":[{"embeddable":true,"href":"https:\/\/www.picalletres.net\/ca\/wp-json\/wp\/v2\/users\/1"}],"replies":[{"embeddable":true,"href":"https:\/\/www.picalletres.net\/ca\/wp-json\/wp\/v2\/comments?post=229233"}],"version-history":[{"count":5,"href":"https:\/\/www.picalletres.net\/ca\/wp-json\/wp\/v2\/pages\/229233\/revisions"}],"predecessor-version":[{"id":229349,"href":"https:\/\/www.picalletres.net\/ca\/wp-json\/wp\/v2\/pages\/229233\/revisions\/229349"}],"wp:attachment":[{"href":"https:\/\/www.picalletres.net\/ca\/wp-json\/wp\/v2\/media?parent=229233"}],"curies":[{"name":"wp","href":"https:\/\/api.w.org\/{rel}","templated":true}]}}