{"id":229098,"date":"2021-10-06T08:21:36","date_gmt":"2021-10-06T06:21:36","guid":{"rendered":"http:\/\/www.picalletres.net\/ca\/?page_id=229098"},"modified":"2023-06-28T14:53:19","modified_gmt":"2023-06-28T12:53:19","slug":"autoritzacions","status":"publish","type":"page","link":"https:\/\/www.picalletres.net\/ca\/autoritzacions\/","title":{"rendered":"Autoritzacions"},"content":{"rendered":"[et_pb_section fb_built=&#8221;1&#8243; _builder_version=&#8221;4.16&#8243; global_colors_info=&#8221;{}&#8221;][et_pb_row _builder_version=&#8221;4.16&#8243; background_size=&#8221;initial&#8221; background_position=&#8221;top_left&#8221; background_repeat=&#8221;repeat&#8221; custom_padding=&#8221;||0px|||&#8221; global_colors_info=&#8221;{}&#8221;][et_pb_column type=&#8221;4_4&#8243; _builder_version=&#8221;4.16&#8243; custom_padding=&#8221;|||&#8221; global_colors_info=&#8221;{}&#8221; custom_padding__hover=&#8221;|||&#8221;][et_pb_text admin_label=&#8221;Text&#8221; _builder_version=&#8221;4.16&#8243; background_size=&#8221;initial&#8221; background_position=&#8221;top_left&#8221; background_repeat=&#8221;repeat&#8221; global_colors_info=&#8221;{}&#8221;]\n<h1 class=\"main_title\">AUTORITZACIONS<\/h1>\n[\/et_pb_text][et_pb_text _builder_version=&#8221;4.16&#8243; _module_preset=&#8221;default&#8221; custom_margin=&#8221;||-7px|||&#8221; custom_padding=&#8221;||2px|||&#8221; global_colors_info=&#8221;{}&#8221;]\n<p>Nom\u00e9s podran participar els centres que acreditin per escrit l\u2019autoritzaci\u00f3 expressa dels pares o tutors dels menors que justifiqui l\u2019emissi\u00f3 de les imatges enregistrades. Aquesta autoritzaci\u00f3 ha d\u2019estar signada pel director del centre. La inscripci\u00f3 no ser\u00e0 v\u00e0lida sense l\u2019autoritzaci\u00f3 emplenada degudament. Caldr\u00e0 que el document vagi acompanyat d\u2019una llista amb els noms i cognoms dels alumnes que assistiran al concurs.<em><\/em><\/p>\n<p><em><\/em><\/p>\n<p><em><\/em><\/p>\n[\/et_pb_text][\/et_pb_column][\/et_pb_row][et_pb_row _builder_version=&#8221;4.16&#8243; _module_preset=&#8221;default&#8221; custom_padding=&#8221;4px|||||&#8221; global_colors_info=&#8221;{}&#8221;][et_pb_column type=&#8221;4_4&#8243; _builder_version=&#8221;4.16&#8243; _module_preset=&#8221;default&#8221; global_colors_info=&#8221;{}&#8221;][et_pb_button button_url=&#8221;https:\/\/www.picalletres.net\/ca\/wp-content\/estructura-web\/pdf\/23-24\/Autoritzacio-col.lectiva-Pica-Lletres-TV%2023-24.pdf&#8221; url_new_window=&#8221;on&#8221; button_text=&#8221;Autoritzaci\u00f3 col\u00b7lectiva&#8221; button_alignment=&#8221;center&#8221; _builder_version=&#8221;4.21.0&#8243; _module_preset=&#8221;default&#8221; custom_margin=&#8221;10px|||||&#8221; hover_enabled=&#8221;0&#8243; global_colors_info=&#8221;{}&#8221; sticky_enabled=&#8221;0&#8243;][\/et_pb_button][\/et_pb_column][\/et_pb_row][et_pb_row _builder_version=&#8221;4.16&#8243; background_size=&#8221;initial&#8221; background_position=&#8221;top_left&#8221; background_repeat=&#8221;repeat&#8221; custom_margin=&#8221;-8px|auto||auto||&#8221; custom_padding=&#8221;||0px|||&#8221; global_colors_info=&#8221;{}&#8221;][et_pb_column type=&#8221;4_4&#8243; _builder_version=&#8221;4.16&#8243; custom_padding=&#8221;|||&#8221; global_colors_info=&#8221;{}&#8221; custom_padding__hover=&#8221;|||&#8221;][et_pb_text _builder_version=&#8221;4.16&#8243; _module_preset=&#8221;default&#8221; global_colors_info=&#8221;{}&#8221;]\n<p><span>Perqu\u00e8 aquesta sigui v\u00e0lida, els centres hauran d\u2019haver recollit abans l\u2019autoritzaci\u00f3 individual del pares de cada alumne. Els centres que no disposin d\u2019un model d\u2019autoritzaci\u00f3 d\u2019aquest tipus, poden descarregar-lo clicant el document seg\u00fcent:<\/span><br \/><em><\/em><\/p>\n<p><em><\/em><\/p>\n<p><em><\/em><\/p>\n[\/et_pb_text][\/et_pb_column][\/et_pb_row][et_pb_row column_structure=&#8221;1_2,1_2&#8243; _builder_version=&#8221;4.16&#8243; _module_preset=&#8221;default&#8221; custom_padding=&#8221;9px|||||&#8221; global_colors_info=&#8221;{}&#8221;][et_pb_column type=&#8221;1_2&#8243; _builder_version=&#8221;4.16&#8243; _module_preset=&#8221;default&#8221; global_colors_info=&#8221;{}&#8221;][et_pb_button button_url=&#8221;https:\/\/www.picalletres.net\/ca\/wp-content\/estructura-web\/pdf\/23-24\/Autoritzacio-individual-Pica-Lletres-TV-23-24.pdf&#8221; url_new_window=&#8221;on&#8221; button_text=&#8221;Autoritzaci\u00f3c individual versi\u00f3 TV&#8221; button_alignment=&#8221;right&#8221; _builder_version=&#8221;4.21.0&#8243; _module_preset=&#8221;default&#8221; hover_enabled=&#8221;0&#8243; global_colors_info=&#8221;{}&#8221; sticky_enabled=&#8221;0&#8243;][\/et_pb_button][\/et_pb_column][et_pb_column type=&#8221;1_2&#8243; _builder_version=&#8221;4.16&#8243; _module_preset=&#8221;default&#8221; global_colors_info=&#8221;{}&#8221;][et_pb_button button_url=&#8221;https:\/\/www.picalletres.net\/ca\/wp-content\/estructura-web\/pdf\/23-24\/Autoritzacio-individual-Pica-Lletres-RADIO-23-24.pdf&#8221; url_new_window=&#8221;on&#8221; button_text=&#8221;Autoritzaci\u00f3 individual versi\u00f3 r\u00e0dio&#8221; button_alignment=&#8221;left&#8221; _builder_version=&#8221;4.21.0&#8243; _module_preset=&#8221;default&#8221; hover_enabled=&#8221;0&#8243; global_colors_info=&#8221;{}&#8221; sticky_enabled=&#8221;0&#8243;][\/et_pb_button][\/et_pb_column][\/et_pb_row][\/et_pb_section]\n","protected":false},"excerpt":{"rendered":"<p>[et_pb_section fb_built=&#8221;1&#8243; _builder_version=&#8221;4.16&#8243; global_colors_info=&#8221;{}&#8221;][et_pb_row _builder_version=&#8221;4.16&#8243; background_size=&#8221;initial&#8221; background_position=&#8221;top_left&#8221; background_repeat=&#8221;repeat&#8221; custom_padding=&#8221;||0px|||&#8221; global_colors_info=&#8221;{}&#8221;][et_pb_column type=&#8221;4_4&#8243; _builder_version=&#8221;4.16&#8243; custom_padding=&#8221;|||&#8221; global_colors_info=&#8221;{}&#8221; custom_padding__hover=&#8221;|||&#8221;][et_pb_text admin_label=&#8221;Text&#8221; _builder_version=&#8221;4.16&#8243; background_size=&#8221;initial&#8221; background_position=&#8221;top_left&#8221; background_repeat=&#8221;repeat&#8221; global_colors_info=&#8221;{}&#8221;] AUTORITZACIONS [\/et_pb_text][et_pb_text _builder_version=&#8221;4.16&#8243; _module_preset=&#8221;default&#8221; custom_margin=&#8221;||-7px|||&#8221; custom_padding=&#8221;||2px|||&#8221; global_colors_info=&#8221;{}&#8221;] Nom\u00e9s podran participar els centres que acreditin per escrit l\u2019autoritzaci\u00f3 expressa dels pares o tutors dels menors que justifiqui l\u2019emissi\u00f3 de les imatges enregistrades. Aquesta autoritzaci\u00f3 ha [&hellip;]<\/p>\n","protected":false},"author":1,"featured_media":0,"parent":0,"menu_order":0,"comment_status":"closed","ping_status":"closed","template":"","meta":{"_et_pb_use_builder":"on","_et_pb_old_content":"","_et_gb_content_width":"","footnotes":""},"class_list":["post-229098","page","type-page","status-publish","hentry"],"yoast_head":"<!-- This site is optimized with the Yoast SEO plugin v27.4 - https:\/\/yoast.com\/product\/yoast-seo-wordpress\/ -->\n<title>Autoritzacions - Pica Lletres - Concurs ling\u00fc\u00edstic que consisteix a lletrejar paraules en catal\u00e0<\/title>\n<meta name=\"robots\" content=\"index, follow, max-snippet:-1, max-image-preview:large, max-video-preview:-1\" \/>\n<link rel=\"canonical\" href=\"https:\/\/www.picalletres.net\/ca\/autoritzacions\/\" \/>\n<meta property=\"og:locale\" content=\"ca_ES\" \/>\n<meta property=\"og:type\" content=\"article\" \/>\n<meta property=\"og:title\" content=\"Autoritzacions - Pica Lletres - Concurs ling\u00fc\u00edstic que consisteix a lletrejar paraules en catal\u00e0\" \/>\n<meta property=\"og:description\" content=\"[et_pb_section fb_built=&#8221;1&#8243; _builder_version=&#8221;4.16&#8243; global_colors_info=&#8221;{}&#8221;][et_pb_row _builder_version=&#8221;4.16&#8243; background_size=&#8221;initial&#8221; background_position=&#8221;top_left&#8221; background_repeat=&#8221;repeat&#8221; custom_padding=&#8221;||0px|||&#8221; global_colors_info=&#8221;{}&#8221;][et_pb_column type=&#8221;4_4&#8243; _builder_version=&#8221;4.16&#8243; custom_padding=&#8221;|||&#8221; global_colors_info=&#8221;{}&#8221; custom_padding__hover=&#8221;|||&#8221;][et_pb_text admin_label=&#8221;Text&#8221; _builder_version=&#8221;4.16&#8243; background_size=&#8221;initial&#8221; background_position=&#8221;top_left&#8221; background_repeat=&#8221;repeat&#8221; global_colors_info=&#8221;{}&#8221;] AUTORITZACIONS [\/et_pb_text][et_pb_text _builder_version=&#8221;4.16&#8243; _module_preset=&#8221;default&#8221; custom_margin=&#8221;||-7px|||&#8221; custom_padding=&#8221;||2px|||&#8221; global_colors_info=&#8221;{}&#8221;] Nom\u00e9s podran participar els centres que acreditin per escrit l\u2019autoritzaci\u00f3 expressa dels pares o tutors dels menors que justifiqui l\u2019emissi\u00f3 de les imatges enregistrades. Aquesta autoritzaci\u00f3 ha [&hellip;]\" \/>\n<meta property=\"og:url\" content=\"https:\/\/www.picalletres.net\/ca\/autoritzacions\/\" \/>\n<meta property=\"og:site_name\" content=\"Pica Lletres - Concurs ling\u00fc\u00edstic que consisteix a lletrejar paraules en catal\u00e0\" \/>\n<meta property=\"article:modified_time\" content=\"2023-06-28T12:53:19+00:00\" \/>\n<meta name=\"twitter:card\" content=\"summary_large_image\" \/>\n<meta name=\"twitter:label1\" content=\"Temps estimat de lectura\" \/>\n\t<meta name=\"twitter:data1\" content=\"2 minuts\" \/>\n<script type=\"application\/ld+json\" class=\"yoast-schema-graph\">{\"@context\":\"https:\\\/\\\/schema.org\",\"@graph\":[{\"@type\":\"WebPage\",\"@id\":\"https:\\\/\\\/www.picalletres.net\\\/ca\\\/autoritzacions\\\/\",\"url\":\"https:\\\/\\\/www.picalletres.net\\\/ca\\\/autoritzacions\\\/\",\"name\":\"Autoritzacions - Pica Lletres - Concurs ling\u00fc\u00edstic que consisteix a lletrejar paraules en catal\u00e0\",\"isPartOf\":{\"@id\":\"https:\\\/\\\/www.picalletres.net\\\/ca\\\/#website\"},\"datePublished\":\"2021-10-06T06:21:36+00:00\",\"dateModified\":\"2023-06-28T12:53:19+00:00\",\"breadcrumb\":{\"@id\":\"https:\\\/\\\/www.picalletres.net\\\/ca\\\/autoritzacions\\\/#breadcrumb\"},\"inLanguage\":\"ca\",\"potentialAction\":[{\"@type\":\"ReadAction\",\"target\":[\"https:\\\/\\\/www.picalletres.net\\\/ca\\\/autoritzacions\\\/\"]}]},{\"@type\":\"BreadcrumbList\",\"@id\":\"https:\\\/\\\/www.picalletres.net\\\/ca\\\/autoritzacions\\\/#breadcrumb\",\"itemListElement\":[{\"@type\":\"ListItem\",\"position\":1,\"name\":\"Portada\",\"item\":\"https:\\\/\\\/www.picalletres.net\\\/ca\\\/\"},{\"@type\":\"ListItem\",\"position\":2,\"name\":\"Autoritzacions\"}]},{\"@type\":\"WebSite\",\"@id\":\"https:\\\/\\\/www.picalletres.net\\\/ca\\\/#website\",\"url\":\"https:\\\/\\\/www.picalletres.net\\\/ca\\\/\",\"name\":\"Pica Lletres - Concurs ling\u00fc\u00edstic que consisteix a lletrejar paraules en catal\u00e0\",\"description\":\"\",\"potentialAction\":[{\"@type\":\"SearchAction\",\"target\":{\"@type\":\"EntryPoint\",\"urlTemplate\":\"https:\\\/\\\/www.picalletres.net\\\/ca\\\/?s={search_term_string}\"},\"query-input\":{\"@type\":\"PropertyValueSpecification\",\"valueRequired\":true,\"valueName\":\"search_term_string\"}}],\"inLanguage\":\"ca\"}]}<\/script>\n<!-- \/ Yoast SEO plugin. -->","yoast_head_json":{"title":"Autoritzacions - Pica Lletres - Concurs ling\u00fc\u00edstic que consisteix a lletrejar paraules en catal\u00e0","robots":{"index":"index","follow":"follow","max-snippet":"max-snippet:-1","max-image-preview":"max-image-preview:large","max-video-preview":"max-video-preview:-1"},"canonical":"https:\/\/www.picalletres.net\/ca\/autoritzacions\/","og_locale":"ca_ES","og_type":"article","og_title":"Autoritzacions - Pica Lletres - Concurs ling\u00fc\u00edstic que consisteix a lletrejar paraules en catal\u00e0","og_description":"[et_pb_section fb_built=&#8221;1&#8243; _builder_version=&#8221;4.16&#8243; global_colors_info=&#8221;{}&#8221;][et_pb_row _builder_version=&#8221;4.16&#8243; background_size=&#8221;initial&#8221; background_position=&#8221;top_left&#8221; background_repeat=&#8221;repeat&#8221; custom_padding=&#8221;||0px|||&#8221; global_colors_info=&#8221;{}&#8221;][et_pb_column type=&#8221;4_4&#8243; _builder_version=&#8221;4.16&#8243; custom_padding=&#8221;|||&#8221; global_colors_info=&#8221;{}&#8221; custom_padding__hover=&#8221;|||&#8221;][et_pb_text admin_label=&#8221;Text&#8221; _builder_version=&#8221;4.16&#8243; background_size=&#8221;initial&#8221; background_position=&#8221;top_left&#8221; background_repeat=&#8221;repeat&#8221; global_colors_info=&#8221;{}&#8221;] AUTORITZACIONS [\/et_pb_text][et_pb_text _builder_version=&#8221;4.16&#8243; _module_preset=&#8221;default&#8221; custom_margin=&#8221;||-7px|||&#8221; custom_padding=&#8221;||2px|||&#8221; global_colors_info=&#8221;{}&#8221;] Nom\u00e9s podran participar els centres que acreditin per escrit l\u2019autoritzaci\u00f3 expressa dels pares o tutors dels menors que justifiqui l\u2019emissi\u00f3 de les imatges enregistrades. Aquesta autoritzaci\u00f3 ha [&hellip;]","og_url":"https:\/\/www.picalletres.net\/ca\/autoritzacions\/","og_site_name":"Pica Lletres - Concurs ling\u00fc\u00edstic que consisteix a lletrejar paraules en catal\u00e0","article_modified_time":"2023-06-28T12:53:19+00:00","twitter_card":"summary_large_image","twitter_misc":{"Temps estimat de lectura":"2 minuts"},"schema":{"@context":"https:\/\/schema.org","@graph":[{"@type":"WebPage","@id":"https:\/\/www.picalletres.net\/ca\/autoritzacions\/","url":"https:\/\/www.picalletres.net\/ca\/autoritzacions\/","name":"Autoritzacions - Pica Lletres - Concurs ling\u00fc\u00edstic que consisteix a lletrejar paraules en catal\u00e0","isPartOf":{"@id":"https:\/\/www.picalletres.net\/ca\/#website"},"datePublished":"2021-10-06T06:21:36+00:00","dateModified":"2023-06-28T12:53:19+00:00","breadcrumb":{"@id":"https:\/\/www.picalletres.net\/ca\/autoritzacions\/#breadcrumb"},"inLanguage":"ca","potentialAction":[{"@type":"ReadAction","target":["https:\/\/www.picalletres.net\/ca\/autoritzacions\/"]}]},{"@type":"BreadcrumbList","@id":"https:\/\/www.picalletres.net\/ca\/autoritzacions\/#breadcrumb","itemListElement":[{"@type":"ListItem","position":1,"name":"Portada","item":"https:\/\/www.picalletres.net\/ca\/"},{"@type":"ListItem","position":2,"name":"Autoritzacions"}]},{"@type":"WebSite","@id":"https:\/\/www.picalletres.net\/ca\/#website","url":"https:\/\/www.picalletres.net\/ca\/","name":"Pica Lletres - Concurs ling\u00fc\u00edstic que consisteix a lletrejar paraules en catal\u00e0","description":"","potentialAction":[{"@type":"SearchAction","target":{"@type":"EntryPoint","urlTemplate":"https:\/\/www.picalletres.net\/ca\/?s={search_term_string}"},"query-input":{"@type":"PropertyValueSpecification","valueRequired":true,"valueName":"search_term_string"}}],"inLanguage":"ca"}]}},"_links":{"self":[{"href":"https:\/\/www.picalletres.net\/ca\/wp-json\/wp\/v2\/pages\/229098","targetHints":{"allow":["GET"]}}],"collection":[{"href":"https:\/\/www.picalletres.net\/ca\/wp-json\/wp\/v2\/pages"}],"about":[{"href":"https:\/\/www.picalletres.net\/ca\/wp-json\/wp\/v2\/types\/page"}],"author":[{"embeddable":true,"href":"https:\/\/www.picalletres.net\/ca\/wp-json\/wp\/v2\/users\/1"}],"replies":[{"embeddable":true,"href":"https:\/\/www.picalletres.net\/ca\/wp-json\/wp\/v2\/comments?post=229098"}],"version-history":[{"count":11,"href":"https:\/\/www.picalletres.net\/ca\/wp-json\/wp\/v2\/pages\/229098\/revisions"}],"predecessor-version":[{"id":229416,"href":"https:\/\/www.picalletres.net\/ca\/wp-json\/wp\/v2\/pages\/229098\/revisions\/229416"}],"wp:attachment":[{"href":"https:\/\/www.picalletres.net\/ca\/wp-json\/wp\/v2\/media?parent=229098"}],"curies":[{"name":"wp","href":"https:\/\/api.w.org\/{rel}","templated":true}]}}