{"id":229070,"date":"2021-10-06T06:42:37","date_gmt":"2021-10-06T04:42:37","guid":{"rendered":"http:\/\/www.picalletres.net\/ca\/?page_id=229070"},"modified":"2025-09-08T11:33:54","modified_gmt":"2025-09-08T09:33:54","slug":"que-cal-saber","status":"publish","type":"page","link":"https:\/\/www.picalletres.net\/ca\/que-cal-saber\/","title":{"rendered":"Qu\u00e8 cal saber?"},"content":{"rendered":"[et_pb_section fb_built=&#8221;1&#8243; _builder_version=&#8221;4.16&#8243; global_colors_info=&#8221;{}&#8221;][et_pb_row _builder_version=&#8221;4.16&#8243; background_size=&#8221;initial&#8221; background_position=&#8221;top_left&#8221; background_repeat=&#8221;repeat&#8221; global_colors_info=&#8221;{}&#8221;][et_pb_column type=&#8221;4_4&#8243; _builder_version=&#8221;4.16&#8243; custom_padding=&#8221;|||&#8221; global_colors_info=&#8221;{}&#8221; custom_padding__hover=&#8221;|||&#8221;][et_pb_text admin_label=&#8221;Text&#8221; _builder_version=&#8221;4.16&#8243; background_size=&#8221;initial&#8221; background_position=&#8221;top_left&#8221; background_repeat=&#8221;repeat&#8221; global_colors_info=&#8221;{}&#8221;]\n<h1>QU\u00c8 CAL SABER?<\/h1>\n<p>&nbsp;<\/p>\n[\/et_pb_text][et_pb_text _builder_version=&#8221;4.27.0&#8243; _module_preset=&#8221;default&#8221; global_colors_info=&#8221;{}&#8221;]\n<h3>Quins s\u00f3n els objectius del Pica Lletres?<\/h3>\n<p>Els objectius principals del concurs s\u00f3n entretenir, fomentar i promoure la lectura i l\u2019\u00fas de la llengua catalana, tenint en compte tant el vessant escrit com l\u2019oral. Saber lletrejar un mot correctament significa descobrir-ne cada part, llegir i escriure\u2019l b\u00e9, con\u00e8ixer l\u2019alfabet i la pron\u00fancia de la nostra llengua. L\u2019organitzaci\u00f3 tamb\u00e9 considera aquesta activitat una possibilitat did\u00e0ctica en l\u2019educaci\u00f3 ling\u00fc\u00edstica de l\u2019alumnat, alhora que l\u00fadica i divertida.<\/p>\n<p>&nbsp;<\/p>\n<h3>Com es juga al Pica Lletres?<\/h3>\n<p>B\u00e0sicament, el concurs consisteix a lletrejar paraules en catal\u00e0. L\u2019objectiu \u00e9s obtenir el m\u00e0xim possible de punts. Les paraules lletrejades de manera incorrecta no resten punts.<br \/>Hi ha TRES nivells de dificultat creixent. En l\u2019aplicaci\u00f3 tots els nivells s\u00f3n a temps corregut. A la fase presencial, els nivells 1 i 2 s\u00f3n a temps corregut i en el nivell 3 els concursants tenen 15 segons per lletrejar una paraula.<\/p>\n<p>&nbsp;<\/p>\n<h3><strong>NIVELLS DE LLETREIG:<\/strong><\/h3>\n<ul>\n<li>Nivell 1. Temps: 45 segons. Paraules de m\u00e0xim 7 lletres. 10 punts per paraula ben lletrejada.<\/li>\n<li>Nivell 2. Temps: 30 segons. Paraules de 8 a 10 lletres. 50 punts per paraula ben lletrejada.<\/li>\n<li>Nivell 3. Paraules d\u201911 a 12 lletres. 100 punts per paraula ben lletrejada.<br \/>Aplicaci\u00f3: Temps: 45 segons. Lletrejar el m\u00e0xim de paraules possibles.<br \/>Programa presencial: 15 segons per lletrejar 1 paraula.<\/li>\n<\/ul>\n<p>&nbsp;<\/p>\n<h3><strong>LA MEGAPARAULA: <\/strong><\/h3>\n<p><span>Aquesta prova nom\u00e9s la trobarem en l\u2019aplicaci\u00f3 en \u201cMode Competici\u00f3\u201d i en el concurs presencial. Consisteix en lletrejar una paraula llarga i complicada. Nom\u00e9s hi ha una paraula per equip. Les parelles han de triar el concursant que la lletrejar\u00e0, abans de saber la paraula.<\/span><\/p>\n<p><span>Paraules a partir de 13 lletres, dif\u00edcils. 300 punts per paraula ben lletrejada. <\/span><\/p>\n<p><span><\/span><\/p>\n<h3><strong>JOCS LING\u00dc\u00cdSTICS:<\/strong><\/h3>\n<p><span>A banda de les proves que consisteixen a lletrejar, el Pica Lletres tamb\u00e9 compta amb proves basades en el bon coneixement de la llengua catalana.<\/span><\/p>\n<p><span><\/span><\/p>\n<h4><strong><span>PROVA 1: L\u2019INTR\u00daS<\/span><\/strong><\/h4>\n<p><span>Aquesta nova prova t\u00e9 3 opcions de joc diferents, per\u00f2 totes 3 tenen en com\u00fa la mateixa din\u00e0mica: s\u2019ha de trobar la paraula que no encaixa. Les 3 possibles modalitats de joc s\u00f3n les seg\u00fcents:<\/span><\/p>\n<p><span><\/span><\/p>\n<p><strong><span>El barbarisme:<\/span><\/strong><span> en aquesta prova es planteja als equips una frase amb un barbarisme o una paraula d\u2019\u00fas inadequat en catal\u00e0 (com per exemple un castellanisme o anglicisme) i que s\u2019ha incorporat a la parla catalana del dia a dia, per\u00f2 que t\u00e9 una forma en catal\u00e0 correcta. Ens regim pels criteris de normalitzaci\u00f3 que proposa el Termcat davant la introducci\u00f3 d\u2019aquest tipus de paraules. Podeu consultar aquesta nova terminologia a <a href=\"https:\/\/www.termcat.cat\/\" target=\"_blank\" rel=\"noopener\">Termcat.cat<\/a>. <\/span><\/p>\n<p><em><span>Exemple:<\/span><\/em><\/p>\n<p><em>A l\u2019atraco, a l\u2019entitat banc\u00e0ria, es van endur dos ostatges<\/em><\/p>\n<p><em><span>Resposta: Atraco (25 punts). \u00a0 \u00a0 \u00a0<\/span><\/em><\/p>\n<p><em><span>Correcci\u00f3: Atracament (25 punts).<\/span><\/em><\/p>\n<p>&nbsp;<\/p>\n<p><em><span>Exemple: Ahir vaig fer la consulta online i vaig confirmar que la resposta era incorrecte.<\/span><\/em><\/p>\n<p><em><span>Resposta: ONLINE (25 punts).<\/span><\/em><\/p>\n<p><em><span>Correcci\u00f3: En l\u00ednia (25 punts).<\/span><\/em><\/p>\n<p><em><span><\/span><\/em><\/p>\n<p><strong><span>L\u2019errada oculta:<\/span><\/strong><span> en aquesta prova es planteja una llista de tres paraules i cal trobar la que est\u00e0 mal escrita. Els equips guanyen 25 punts si l\u2019encerten i 25 punts m\u00e9s si la corregeixen b\u00e9. <\/span><\/p>\n<p><em><span>Exemple: <\/span><\/em><\/p>\n<p><em><span>Teleespectador, Culer, Periode. <\/span><\/em><\/p>\n<p><em><span>Resposta: Periode. <\/span><\/em><\/p>\n<p><em><span>Correcci\u00f3: Per\u00edode<\/span><\/em><\/p>\n<p><span>\u00a0<\/span><\/p>\n<p><span><\/span><\/p>\n<h4><strong><span>PROVA 2: LA PARAULA MISTERIOSA <\/span><\/strong><\/h4>\n<p><span>S\u2019ha de trobar una paraula misteriosa. S\u00f3n paraules de 8 a 10 lletres. Al comen\u00e7ar la prova apareix un enunciat (que ens diu on pertany aquella paraula) i unes quantes lletres de la paraula:<\/span><\/p>\n<p><span>Cada 10 segons apareix una nova lletra de forma aleat\u00f2ria fins a un m\u00e0xim de 4. <\/span><\/p>\n<p><span>Cada nova lletra mostrada resta 10 punts.<\/span><\/p>\n<p><span>Els jugadors poden demanar fins a 3 pistes. Cada pista resta 10 punts.<\/span><\/p>\n<p><span>La prova comen\u00e7a amb 100 punts i es van restant fins que els concursants l\u2019encerten. <\/span><\/p>\n<p><em><span>Exemple:<\/span><\/em><\/p>\n<p><em><span>Enunciat: Busquem un objecte<\/span><\/em><\/p>\n<p><em><span>Paraula inicial: _ O _ G _ _ A _ _ _<\/span><\/em><\/p>\n<p><em><span>\u00a0<\/span><\/em><\/p>\n<p><em><span>Lletra 1: C O _ G _ _ A _ _ _<\/span><\/em><\/p>\n<p><em><span>Lletra 2: C O _ G _ _ A _ _ R<\/span><\/em><\/p>\n<p><em><span>Lletra 3: C O _ G _ L A _ _ R<\/span><\/em><\/p>\n<p><em><span>Lletra 4: C O _ G _ L A D _ R<\/span><\/em><\/p>\n<p><em><span>\u00a0<\/span><\/em><\/p>\n<p><em><span>Pista 1: El trobar\u00e0s a la cuina, forma part del frigor\u00edfic. \u00a0\u00a0\u00a0\u00a0\u00a0 <\/span><\/em><\/p>\n<p><em><span>Pista 2: Serveix per guardar aliments perqu\u00e8 no es facin malb\u00e9.\u00a0\u00a0 <\/span><\/em><\/p>\n<p><em><span>Pista 3: A dins, hi pots trobar gelats i postres gelades.\u00a0\u00a0\u00a0\u00a0\u00a0\u00a0 <\/span><\/em><\/p>\n<p><em><span>\u00a0<\/span><\/em><\/p>\n<p><em><span>Soluci\u00f3: CONGELADOR <\/span><\/em><\/p>\n<p><span>\u00a0<\/span><\/p>\n<p><span><\/span><\/p>\n<h4><strong>PROVA 3: CODI SECRET<\/strong><\/h4>\n<p>S\u2019han de desxifrar 3 missatges per trobar un concepte amagat. Els missatges tenen paraules a les quals els hi falten les vocals. Els concursants han de desxifrar les paraules, llegint la frase tal com seria amb les lletres que falten. A l\u2019aplicaci\u00f3 no han de llegir la frase, sino que l\u2019han de completar amb el teclat.<\/p>\n<p>Es poden guanyar un total de 175 punts:<\/p>\n<ul>\n<li>Per desxifrar cada frase es disposar\u00e0 de 45 segons, i la puntuaci\u00f3 \u00e9s de 25 punts per frase encertada.<\/li>\n<li>En acabar la tercera frase els concursants disposaran de 20 segons per endevinar el concepte. Si l\u2019encerten, guanyen 100 punts addicionals.<\/li>\n<\/ul>\n<p><em><span>Exemple:<\/span><\/em><\/p>\n<p><em>Pista 1: S_m\u00a0\u00a0 _\u00a0 g_ _ _r_b_\u00a0 t_ts\u00a0 _ls\u00a0 m_b_ls.\u00a0 <\/em><em>\u00a0 \u00a0 \u00a0 \u00a0\u00a0<\/em><\/p>\n<p><em>Pista 2: _st_m pl_n_s d_ f_t_s _ v_d_ _s. <\/em><\/p>\n<p><em>Pista 3: Gr_c_ _s _ n_s_ltr_s p_d_ _ c_n_ _x_r g_nt d_ t_t _l m_n.<\/em><\/p>\n<p><em><\/em><\/p>\n<p><em>Pista 1: Som a gaireb\u00e9 tots els m\u00f2bils. <\/em><\/p>\n<p><em>Pista 2: Estem plenes de fotos i v\u00eddeos.<\/em><\/p>\n<p><em>Pista 3: Gr\u00e0cies a nosaltres podeu con\u00e8ixer gent de tot el m\u00f3n.<\/em><\/p>\n<p><em>\u00a0<\/em><\/p>\n<p><em>Concepte: XARXES SOCIALS<\/em><\/p>\n<p><em><\/em><\/p>\n<p><em><\/em><\/p>\n[\/et_pb_text][\/et_pb_column][\/et_pb_row][et_pb_row _builder_version=&#8221;4.21.0&#8243; _module_preset=&#8221;default&#8221; global_colors_info=&#8221;{}&#8221;][et_pb_column type=&#8221;4_4&#8243; _builder_version=&#8221;4.21.0&#8243; _module_preset=&#8221;default&#8221; global_colors_info=&#8221;{}&#8221;][et_pb_video src=&#8221;https:\/\/youtu.be\/Wtx7spfX3U4&#8243; _builder_version=&#8221;4.27.0&#8243; _module_preset=&#8221;default&#8221; custom_padding=&#8221;||0px|||&#8221; global_colors_info=&#8221;{}&#8221;][\/et_pb_video][\/et_pb_column][\/et_pb_row][et_pb_row _builder_version=&#8221;4.16&#8243; _module_preset=&#8221;default&#8221; background_color=&#8221;#ff331a&#8221; global_colors_info=&#8221;{}&#8221;][et_pb_column type=&#8221;4_4&#8243; _builder_version=&#8221;4.16&#8243; _module_preset=&#8221;default&#8221; global_colors_info=&#8221;{}&#8221;][et_pb_text _builder_version=&#8221;4.16&#8243; _module_preset=&#8221;default&#8221; text_text_color=&#8221;#FFFFFF&#8221; header_text_color=&#8221;#FFFFFF&#8221; header_5_text_color=&#8221;#FFFFFF&#8221; custom_padding=&#8221;0px|||||&#8221; global_colors_info=&#8221;{}&#8221;]\n<h2 style=\"text-align: center;\"><span style=\"color: #ffffff;\">Vols con\u00e8ixer els objectius i la din\u00e0mica del concurs?<\/span><\/h2>\n[\/et_pb_text][\/et_pb_column][\/et_pb_row][et_pb_row column_structure=&#8221;1_2,1_2&#8243; _builder_version=&#8221;4.16&#8243; _module_preset=&#8221;default&#8221; background_color=&#8221;#ff331a&#8221; min_height=&#8221;108px&#8221; global_colors_info=&#8221;{}&#8221;][et_pb_column type=&#8221;1_2&#8243; _builder_version=&#8221;4.16&#8243; _module_preset=&#8221;default&#8221; global_colors_info=&#8221;{}&#8221;][et_pb_button button_url=&#8221;https:\/\/www.picalletres.net\/ca\/dossier-tv&#8221; url_new_window=&#8221;on&#8221; button_text=&#8221;Versi\u00f3 TV&#8221; button_alignment=&#8221;right&#8221; _builder_version=&#8221;4.27.4&#8243; _module_preset=&#8221;default&#8221; custom_button=&#8221;on&#8221; button_text_color=&#8221;#FFFFFF&#8221; hover_enabled=&#8221;0&#8243; global_colors_info=&#8221;{}&#8221; sticky_enabled=&#8221;0&#8243;][\/et_pb_button][\/et_pb_column][et_pb_column type=&#8221;1_2&#8243; _builder_version=&#8221;4.16&#8243; _module_preset=&#8221;default&#8221; global_colors_info=&#8221;{}&#8221;][et_pb_button button_url=&#8221;https:\/\/www.picalletres.net\/ca\/dossier-radio&#8221; url_new_window=&#8221;on&#8221; button_text=&#8221;Versi\u00f3 r\u00e0dio&#8221; button_alignment=&#8221;left&#8221; _builder_version=&#8221;4.27.4&#8243; _module_preset=&#8221;default&#8221; custom_button=&#8221;on&#8221; button_text_color=&#8221;#FFFFFF&#8221; hover_enabled=&#8221;0&#8243; global_colors_info=&#8221;{}&#8221; sticky_enabled=&#8221;0&#8243;][\/et_pb_button][\/et_pb_column][\/et_pb_row][\/et_pb_section]\n","protected":false},"excerpt":{"rendered":"<p>[et_pb_section fb_built=&#8221;1&#8243; _builder_version=&#8221;4.16&#8243; global_colors_info=&#8221;{}&#8221;][et_pb_row _builder_version=&#8221;4.16&#8243; background_size=&#8221;initial&#8221; background_position=&#8221;top_left&#8221; background_repeat=&#8221;repeat&#8221; global_colors_info=&#8221;{}&#8221;][et_pb_column type=&#8221;4_4&#8243; _builder_version=&#8221;4.16&#8243; custom_padding=&#8221;|||&#8221; global_colors_info=&#8221;{}&#8221; custom_padding__hover=&#8221;|||&#8221;][et_pb_text admin_label=&#8221;Text&#8221; _builder_version=&#8221;4.16&#8243; background_size=&#8221;initial&#8221; background_position=&#8221;top_left&#8221; background_repeat=&#8221;repeat&#8221; global_colors_info=&#8221;{}&#8221;] QU\u00c8 CAL SABER? &nbsp; [\/et_pb_text][et_pb_text _builder_version=&#8221;4.27.0&#8243; _module_preset=&#8221;default&#8221; global_colors_info=&#8221;{}&#8221;] Quins s\u00f3n els objectius del Pica Lletres? Els objectius principals del concurs s\u00f3n entretenir, fomentar i promoure la lectura i l\u2019\u00fas de la llengua catalana, tenint en [&hellip;]<\/p>\n","protected":false},"author":1,"featured_media":0,"parent":0,"menu_order":0,"comment_status":"closed","ping_status":"closed","template":"","meta":{"_et_pb_use_builder":"on","_et_pb_old_content":"","_et_gb_content_width":"","footnotes":""},"class_list":["post-229070","page","type-page","status-publish","hentry"],"yoast_head":"<!-- This site is optimized with the Yoast SEO plugin v27.4 - https:\/\/yoast.com\/product\/yoast-seo-wordpress\/ -->\n<title>Qu\u00e8 cal saber? - Pica Lletres - Concurs ling\u00fc\u00edstic que consisteix a lletrejar paraules en catal\u00e0<\/title>\n<meta name=\"robots\" content=\"index, follow, max-snippet:-1, max-image-preview:large, max-video-preview:-1\" \/>\n<link rel=\"canonical\" href=\"https:\/\/www.picalletres.net\/ca\/que-cal-saber\/\" \/>\n<meta property=\"og:locale\" content=\"ca_ES\" \/>\n<meta property=\"og:type\" content=\"article\" \/>\n<meta property=\"og:title\" content=\"Qu\u00e8 cal saber? - Pica Lletres - Concurs ling\u00fc\u00edstic que consisteix a lletrejar paraules en catal\u00e0\" \/>\n<meta property=\"og:description\" content=\"[et_pb_section fb_built=&#8221;1&#8243; _builder_version=&#8221;4.16&#8243; global_colors_info=&#8221;{}&#8221;][et_pb_row _builder_version=&#8221;4.16&#8243; background_size=&#8221;initial&#8221; background_position=&#8221;top_left&#8221; background_repeat=&#8221;repeat&#8221; global_colors_info=&#8221;{}&#8221;][et_pb_column type=&#8221;4_4&#8243; _builder_version=&#8221;4.16&#8243; custom_padding=&#8221;|||&#8221; global_colors_info=&#8221;{}&#8221; custom_padding__hover=&#8221;|||&#8221;][et_pb_text admin_label=&#8221;Text&#8221; _builder_version=&#8221;4.16&#8243; background_size=&#8221;initial&#8221; background_position=&#8221;top_left&#8221; background_repeat=&#8221;repeat&#8221; global_colors_info=&#8221;{}&#8221;] QU\u00c8 CAL SABER? &nbsp; [\/et_pb_text][et_pb_text _builder_version=&#8221;4.27.0&#8243; _module_preset=&#8221;default&#8221; global_colors_info=&#8221;{}&#8221;] Quins s\u00f3n els objectius del Pica Lletres? Els objectius principals del concurs s\u00f3n entretenir, fomentar i promoure la lectura i l\u2019\u00fas de la llengua catalana, tenint en [&hellip;]\" \/>\n<meta property=\"og:url\" content=\"https:\/\/www.picalletres.net\/ca\/que-cal-saber\/\" \/>\n<meta property=\"og:site_name\" content=\"Pica Lletres - Concurs ling\u00fc\u00edstic que consisteix a lletrejar paraules en catal\u00e0\" \/>\n<meta property=\"article:modified_time\" content=\"2025-09-08T09:33:54+00:00\" \/>\n<meta name=\"twitter:card\" content=\"summary_large_image\" \/>\n<meta name=\"twitter:label1\" content=\"Temps estimat de lectura\" \/>\n\t<meta name=\"twitter:data1\" content=\"6 minuts\" \/>\n<script type=\"application\/ld+json\" class=\"yoast-schema-graph\">{\"@context\":\"https:\\\/\\\/schema.org\",\"@graph\":[{\"@type\":\"WebPage\",\"@id\":\"https:\\\/\\\/www.picalletres.net\\\/ca\\\/que-cal-saber\\\/\",\"url\":\"https:\\\/\\\/www.picalletres.net\\\/ca\\\/que-cal-saber\\\/\",\"name\":\"Qu\u00e8 cal saber? - Pica Lletres - Concurs ling\u00fc\u00edstic que consisteix a lletrejar paraules en catal\u00e0\",\"isPartOf\":{\"@id\":\"https:\\\/\\\/www.picalletres.net\\\/ca\\\/#website\"},\"datePublished\":\"2021-10-06T04:42:37+00:00\",\"dateModified\":\"2025-09-08T09:33:54+00:00\",\"breadcrumb\":{\"@id\":\"https:\\\/\\\/www.picalletres.net\\\/ca\\\/que-cal-saber\\\/#breadcrumb\"},\"inLanguage\":\"ca\",\"potentialAction\":[{\"@type\":\"ReadAction\",\"target\":[\"https:\\\/\\\/www.picalletres.net\\\/ca\\\/que-cal-saber\\\/\"]}]},{\"@type\":\"BreadcrumbList\",\"@id\":\"https:\\\/\\\/www.picalletres.net\\\/ca\\\/que-cal-saber\\\/#breadcrumb\",\"itemListElement\":[{\"@type\":\"ListItem\",\"position\":1,\"name\":\"Portada\",\"item\":\"https:\\\/\\\/www.picalletres.net\\\/ca\\\/\"},{\"@type\":\"ListItem\",\"position\":2,\"name\":\"Qu\u00e8 cal saber?\"}]},{\"@type\":\"WebSite\",\"@id\":\"https:\\\/\\\/www.picalletres.net\\\/ca\\\/#website\",\"url\":\"https:\\\/\\\/www.picalletres.net\\\/ca\\\/\",\"name\":\"Pica Lletres - Concurs ling\u00fc\u00edstic que consisteix a lletrejar paraules en catal\u00e0\",\"description\":\"\",\"potentialAction\":[{\"@type\":\"SearchAction\",\"target\":{\"@type\":\"EntryPoint\",\"urlTemplate\":\"https:\\\/\\\/www.picalletres.net\\\/ca\\\/?s={search_term_string}\"},\"query-input\":{\"@type\":\"PropertyValueSpecification\",\"valueRequired\":true,\"valueName\":\"search_term_string\"}}],\"inLanguage\":\"ca\"}]}<\/script>\n<!-- \/ Yoast SEO plugin. -->","yoast_head_json":{"title":"Qu\u00e8 cal saber? - Pica Lletres - Concurs ling\u00fc\u00edstic que consisteix a lletrejar paraules en catal\u00e0","robots":{"index":"index","follow":"follow","max-snippet":"max-snippet:-1","max-image-preview":"max-image-preview:large","max-video-preview":"max-video-preview:-1"},"canonical":"https:\/\/www.picalletres.net\/ca\/que-cal-saber\/","og_locale":"ca_ES","og_type":"article","og_title":"Qu\u00e8 cal saber? - Pica Lletres - Concurs ling\u00fc\u00edstic que consisteix a lletrejar paraules en catal\u00e0","og_description":"[et_pb_section fb_built=&#8221;1&#8243; _builder_version=&#8221;4.16&#8243; global_colors_info=&#8221;{}&#8221;][et_pb_row _builder_version=&#8221;4.16&#8243; background_size=&#8221;initial&#8221; background_position=&#8221;top_left&#8221; background_repeat=&#8221;repeat&#8221; global_colors_info=&#8221;{}&#8221;][et_pb_column type=&#8221;4_4&#8243; _builder_version=&#8221;4.16&#8243; custom_padding=&#8221;|||&#8221; global_colors_info=&#8221;{}&#8221; custom_padding__hover=&#8221;|||&#8221;][et_pb_text admin_label=&#8221;Text&#8221; _builder_version=&#8221;4.16&#8243; background_size=&#8221;initial&#8221; background_position=&#8221;top_left&#8221; background_repeat=&#8221;repeat&#8221; global_colors_info=&#8221;{}&#8221;] QU\u00c8 CAL SABER? &nbsp; [\/et_pb_text][et_pb_text _builder_version=&#8221;4.27.0&#8243; _module_preset=&#8221;default&#8221; global_colors_info=&#8221;{}&#8221;] Quins s\u00f3n els objectius del Pica Lletres? Els objectius principals del concurs s\u00f3n entretenir, fomentar i promoure la lectura i l\u2019\u00fas de la llengua catalana, tenint en [&hellip;]","og_url":"https:\/\/www.picalletres.net\/ca\/que-cal-saber\/","og_site_name":"Pica Lletres - Concurs ling\u00fc\u00edstic que consisteix a lletrejar paraules en catal\u00e0","article_modified_time":"2025-09-08T09:33:54+00:00","twitter_card":"summary_large_image","twitter_misc":{"Temps estimat de lectura":"6 minuts"},"schema":{"@context":"https:\/\/schema.org","@graph":[{"@type":"WebPage","@id":"https:\/\/www.picalletres.net\/ca\/que-cal-saber\/","url":"https:\/\/www.picalletres.net\/ca\/que-cal-saber\/","name":"Qu\u00e8 cal saber? - Pica Lletres - Concurs ling\u00fc\u00edstic que consisteix a lletrejar paraules en catal\u00e0","isPartOf":{"@id":"https:\/\/www.picalletres.net\/ca\/#website"},"datePublished":"2021-10-06T04:42:37+00:00","dateModified":"2025-09-08T09:33:54+00:00","breadcrumb":{"@id":"https:\/\/www.picalletres.net\/ca\/que-cal-saber\/#breadcrumb"},"inLanguage":"ca","potentialAction":[{"@type":"ReadAction","target":["https:\/\/www.picalletres.net\/ca\/que-cal-saber\/"]}]},{"@type":"BreadcrumbList","@id":"https:\/\/www.picalletres.net\/ca\/que-cal-saber\/#breadcrumb","itemListElement":[{"@type":"ListItem","position":1,"name":"Portada","item":"https:\/\/www.picalletres.net\/ca\/"},{"@type":"ListItem","position":2,"name":"Qu\u00e8 cal saber?"}]},{"@type":"WebSite","@id":"https:\/\/www.picalletres.net\/ca\/#website","url":"https:\/\/www.picalletres.net\/ca\/","name":"Pica Lletres - Concurs ling\u00fc\u00edstic que consisteix a lletrejar paraules en catal\u00e0","description":"","potentialAction":[{"@type":"SearchAction","target":{"@type":"EntryPoint","urlTemplate":"https:\/\/www.picalletres.net\/ca\/?s={search_term_string}"},"query-input":{"@type":"PropertyValueSpecification","valueRequired":true,"valueName":"search_term_string"}}],"inLanguage":"ca"}]}},"_links":{"self":[{"href":"https:\/\/www.picalletres.net\/ca\/wp-json\/wp\/v2\/pages\/229070","targetHints":{"allow":["GET"]}}],"collection":[{"href":"https:\/\/www.picalletres.net\/ca\/wp-json\/wp\/v2\/pages"}],"about":[{"href":"https:\/\/www.picalletres.net\/ca\/wp-json\/wp\/v2\/types\/page"}],"author":[{"embeddable":true,"href":"https:\/\/www.picalletres.net\/ca\/wp-json\/wp\/v2\/users\/1"}],"replies":[{"embeddable":true,"href":"https:\/\/www.picalletres.net\/ca\/wp-json\/wp\/v2\/comments?post=229070"}],"version-history":[{"count":21,"href":"https:\/\/www.picalletres.net\/ca\/wp-json\/wp\/v2\/pages\/229070\/revisions"}],"predecessor-version":[{"id":229698,"href":"https:\/\/www.picalletres.net\/ca\/wp-json\/wp\/v2\/pages\/229070\/revisions\/229698"}],"wp:attachment":[{"href":"https:\/\/www.picalletres.net\/ca\/wp-json\/wp\/v2\/media?parent=229070"}],"curies":[{"name":"wp","href":"https:\/\/api.w.org\/{rel}","templated":true}]}}